{"id":3701,"date":"2023-02-20T18:51:16","date_gmt":"2023-02-20T18:51:16","guid":{"rendered":"https:\/\/uniteddoor.com.tr\/?page_id=3701"},"modified":"2024-02-01T07:56:27","modified_gmt":"2024-02-01T07:56:27","slug":"koleksiyonlar","status":"publish","type":"page","link":"https:\/\/uniteddoor.com.tr\/ar\/koleksiyonlar\/","title":{"rendered":"\u0627\u0644\u0645\u062c\u0645\u0648\u0639\u0627\u062a"},"content":{"rendered":"<div data-elementor-type=\"wp-page\" data-elementor-id=\"3701\" class=\"elementor elementor-3701\">\n\t\t\t\t\t\t\t\t\t<section class=\"elementor-section elementor-top-section elementor-element elementor-element-5f6186e elementor-section-boxed elementor-section-height-default elementor-section-height-default tf-sticky-section tf-sticky-no\" data-id=\"5f6186e\" data-element_type=\"section\" data-settings=\"{&quot;background_background&quot;:&quot;classic&quot;,&quot;tf_sticky&quot;:&quot;no&quot;}\">\n\t\t\t\t\t\t<div class=\"elementor-container elementor-column-gap-no\">\n\t\t\t\t\t<div class=\"elementor-column elementor-col-33 elementor-top-column elementor-element elementor-element-2cd83a5\" data-id=\"2cd83a5\" data-element_type=\"column\">\n\t\t\t<div class=\"elementor-widget-wrap elementor-element-populated\">\n\t\t\t\t\t\t\t\t<div class=\"elementor-element elementor-element-bad3dc2 elementor-position-top elementor-vertical-align-top elementor-widget elementor-widget-image-box\" data-id=\"bad3dc2\" data-element_type=\"widget\" data-widget_type=\"image-box.default\">\n\t\t\t\t<div class=\"elementor-widget-container\">\n\t\t\t<style>\/*! elementor - v3.11.1 - 15-02-2023 *\/\n.elementor-widget-image-box .elementor-image-box-content{width:100%}@media (min-width:768px){.elementor-widget-image-box.elementor-position-left .elementor-image-box-wrapper,.elementor-widget-image-box.elementor-position-right .elementor-image-box-wrapper{display:flex}.elementor-widget-image-box.elementor-position-right .elementor-image-box-wrapper{text-align:right;flex-direction:row-reverse}.elementor-widget-image-box.elementor-position-left .elementor-image-box-wrapper{text-align:left;flex-direction:row}.elementor-widget-image-box.elementor-position-top .elementor-image-box-img{margin:auto}.elementor-widget-image-box.elementor-vertical-align-top .elementor-image-box-wrapper{align-items:flex-start}.elementor-widget-image-box.elementor-vertical-align-middle .elementor-image-box-wrapper{align-items:center}.elementor-widget-image-box.elementor-vertical-align-bottom .elementor-image-box-wrapper{align-items:flex-end}}@media (max-width:767px){.elementor-widget-image-box .elementor-image-box-img{margin-left:auto!important;margin-right:auto!important;margin-bottom:15px}}.elementor-widget-image-box .elementor-image-box-img{display:inline-block}.elementor-widget-image-box .elementor-image-box-title a{color:inherit}.elementor-widget-image-box .elementor-image-box-wrapper{text-align:center}.elementor-widget-image-box .elementor-image-box-description{margin:0}<\/style><div class=\"elementor-image-box-wrapper\"><figure class=\"elementor-image-box-img\"><a href=\"https:\/\/uniteddoor.com.tr\/ar\/classic\/\"><img loading=\"lazy\" decoding=\"async\" width=\"1459\" height=\"2859\" src=\"https:\/\/uniteddoor.com.tr\/wp-content\/uploads\/2023\/02\/ud901.png\" class=\"attachment-full size-full wp-image-3281\" alt=\"\" srcset=\"https:\/\/uniteddoor.com.tr\/wp-content\/uploads\/2023\/02\/ud901.png 1459w, https:\/\/uniteddoor.com.tr\/wp-content\/uploads\/2023\/02\/ud901-1200x2351.png 1200w, https:\/\/uniteddoor.com.tr\/wp-content\/uploads\/2023\/02\/ud901-153x300.png 153w, https:\/\/uniteddoor.com.tr\/wp-content\/uploads\/2023\/02\/ud901-523x1024.png 523w, https:\/\/uniteddoor.com.tr\/wp-content\/uploads\/2023\/02\/ud901-768x1505.png 768w, https:\/\/uniteddoor.com.tr\/wp-content\/uploads\/2023\/02\/ud901-784x1536.png 784w, https:\/\/uniteddoor.com.tr\/wp-content\/uploads\/2023\/02\/ud901-1045x2048.png 1045w\" sizes=\"auto, (max-width: 1459px) 100vw, 1459px\" \/><\/a><\/figure><div class=\"elementor-image-box-content\"><h3 class=\"elementor-image-box-title\"><a href=\"https:\/\/uniteddoor.com.tr\/ar\/classic\/\">CLASSIC<\/a><\/h3><\/div><\/div>\t\t<\/div>\n\t\t\t\t<\/div>\n\t\t\t\t\t<\/div>\n\t\t<\/div>\n\t\t\t\t<div class=\"elementor-column elementor-col-33 elementor-top-column elementor-element elementor-element-d770166\" data-id=\"d770166\" data-element_type=\"column\">\n\t\t\t<div class=\"elementor-widget-wrap elementor-element-populated\">\n\t\t\t\t\t\t\t\t<div class=\"elementor-element elementor-element-d47171c elementor-position-top elementor-vertical-align-top elementor-widget elementor-widget-image-box\" data-id=\"d47171c\" data-element_type=\"widget\" data-widget_type=\"image-box.default\">\n\t\t\t\t<div class=\"elementor-widget-container\">\n\t\t\t<div class=\"elementor-image-box-wrapper\"><figure class=\"elementor-image-box-img\"><a href=\"\/ar\/product-category\/composite-serie\/\"><img loading=\"lazy\" decoding=\"async\" width=\"1459\" height=\"2859\" src=\"https:\/\/uniteddoor.com.tr\/wp-content\/uploads\/2023\/02\/ud3001.png\" class=\"attachment-full size-full wp-image-3311\" alt=\"\" srcset=\"https:\/\/uniteddoor.com.tr\/wp-content\/uploads\/2023\/02\/ud3001.png 1459w, https:\/\/uniteddoor.com.tr\/wp-content\/uploads\/2023\/02\/ud3001-1200x2351.png 1200w, https:\/\/uniteddoor.com.tr\/wp-content\/uploads\/2023\/02\/ud3001-153x300.png 153w, https:\/\/uniteddoor.com.tr\/wp-content\/uploads\/2023\/02\/ud3001-523x1024.png 523w, https:\/\/uniteddoor.com.tr\/wp-content\/uploads\/2023\/02\/ud3001-768x1505.png 768w, https:\/\/uniteddoor.com.tr\/wp-content\/uploads\/2023\/02\/ud3001-784x1536.png 784w, https:\/\/uniteddoor.com.tr\/wp-content\/uploads\/2023\/02\/ud3001-1045x2048.png 1045w\" sizes=\"auto, (max-width: 1459px) 100vw, 1459px\" \/><\/a><\/figure><div class=\"elementor-image-box-content\"><h3 class=\"elementor-image-box-title\"><a href=\"\/ar\/product-category\/composite-serie\/\">COMPOSITE PANEL<\/a><\/h3><\/div><\/div>\t\t<\/div>\n\t\t\t\t<\/div>\n\t\t\t\t\t<\/div>\n\t\t<\/div>\n\t\t\t\t<div class=\"elementor-column elementor-col-33 elementor-top-column elementor-element elementor-element-2a9c596\" data-id=\"2a9c596\" data-element_type=\"column\">\n\t\t\t<div class=\"elementor-widget-wrap elementor-element-populated\">\n\t\t\t\t\t\t\t\t<div class=\"elementor-element elementor-element-0f9e6ed elementor-position-top elementor-vertical-align-top elementor-widget elementor-widget-image-box\" data-id=\"0f9e6ed\" data-element_type=\"widget\" data-widget_type=\"image-box.default\">\n\t\t\t\t<div class=\"elementor-widget-container\">\n\t\t\t<div class=\"elementor-image-box-wrapper\"><figure class=\"elementor-image-box-img\"><a href=\"https:\/\/uniteddoor.com.tr\/ar\/elite\/\"><img loading=\"lazy\" decoding=\"async\" width=\"1459\" height=\"2859\" src=\"https:\/\/uniteddoor.com.tr\/wp-content\/uploads\/2023\/02\/ud106.png\" class=\"attachment-full size-full wp-image-3715\" alt=\"\" srcset=\"https:\/\/uniteddoor.com.tr\/wp-content\/uploads\/2023\/02\/ud106.png 1459w, https:\/\/uniteddoor.com.tr\/wp-content\/uploads\/2023\/02\/ud106-1200x2351.png 1200w, https:\/\/uniteddoor.com.tr\/wp-content\/uploads\/2023\/02\/ud106-153x300.png 153w, https:\/\/uniteddoor.com.tr\/wp-content\/uploads\/2023\/02\/ud106-523x1024.png 523w, https:\/\/uniteddoor.com.tr\/wp-content\/uploads\/2023\/02\/ud106-768x1505.png 768w, https:\/\/uniteddoor.com.tr\/wp-content\/uploads\/2023\/02\/ud106-784x1536.png 784w, https:\/\/uniteddoor.com.tr\/wp-content\/uploads\/2023\/02\/ud106-1045x2048.png 1045w\" sizes=\"auto, (max-width: 1459px) 100vw, 1459px\" \/><\/a><\/figure><div class=\"elementor-image-box-content\"><h3 class=\"elementor-image-box-title\"><a href=\"https:\/\/uniteddoor.com.tr\/ar\/elite\/\">ELITE<\/a><\/h3><\/div><\/div>\t\t<\/div>\n\t\t\t\t<\/div>\n\t\t\t\t\t<\/div>\n\t\t<\/div>\n\t\t\t\t\t\t\t<\/div>\n\t\t<\/section>\n\t\t\t\t<section class=\"elementor-section elementor-top-section elementor-element elementor-element-2fafe72 elementor-section-boxed elementor-section-height-default elementor-section-height-default tf-sticky-section tf-sticky-no\" data-id=\"2fafe72\" data-element_type=\"section\" data-settings=\"{&quot;tf_sticky&quot;:&quot;no&quot;}\">\n\t\t\t\t\t\t<div class=\"elementor-container elementor-column-gap-default\">\n\t\t\t\t\t<div class=\"elementor-column elementor-col-33 elementor-top-column elementor-element elementor-element-55d079f\" data-id=\"55d079f\" data-element_type=\"column\">\n\t\t\t<div class=\"elementor-widget-wrap elementor-element-populated\">\n\t\t\t\t\t\t\t\t<div class=\"elementor-element elementor-element-43f1939 elementor-position-top elementor-vertical-align-top elementor-widget elementor-widget-image-box\" data-id=\"43f1939\" data-element_type=\"widget\" data-widget_type=\"image-box.default\">\n\t\t\t\t<div class=\"elementor-widget-container\">\n\t\t\t<div class=\"elementor-image-box-wrapper\"><figure class=\"elementor-image-box-img\"><a href=\"\/ar\/product-category\/fiber-wood\/\"><img loading=\"lazy\" decoding=\"async\" width=\"1459\" height=\"2859\" src=\"https:\/\/uniteddoor.com.tr\/wp-content\/uploads\/2023\/02\/ud4001.png\" class=\"attachment-full size-full wp-image-3317\" alt=\"\" srcset=\"https:\/\/uniteddoor.com.tr\/wp-content\/uploads\/2023\/02\/ud4001.png 1459w, https:\/\/uniteddoor.com.tr\/wp-content\/uploads\/2023\/02\/ud4001-1200x2351.png 1200w, https:\/\/uniteddoor.com.tr\/wp-content\/uploads\/2023\/02\/ud4001-153x300.png 153w, https:\/\/uniteddoor.com.tr\/wp-content\/uploads\/2023\/02\/ud4001-523x1024.png 523w, https:\/\/uniteddoor.com.tr\/wp-content\/uploads\/2023\/02\/ud4001-768x1505.png 768w, https:\/\/uniteddoor.com.tr\/wp-content\/uploads\/2023\/02\/ud4001-784x1536.png 784w, https:\/\/uniteddoor.com.tr\/wp-content\/uploads\/2023\/02\/ud4001-1045x2048.png 1045w\" sizes=\"auto, (max-width: 1459px) 100vw, 1459px\" \/><\/a><\/figure><div class=\"elementor-image-box-content\"><h3 class=\"elementor-image-box-title\"><a href=\"\/ar\/product-category\/fiber-wood\/\">FIBER WOOD<\/a><\/h3><\/div><\/div>\t\t<\/div>\n\t\t\t\t<\/div>\n\t\t\t\t\t<\/div>\n\t\t<\/div>\n\t\t\t\t<div class=\"elementor-column elementor-col-33 elementor-top-column elementor-element elementor-element-7f0d937\" data-id=\"7f0d937\" data-element_type=\"column\" data-settings=\"{&quot;background_background&quot;:&quot;classic&quot;}\">\n\t\t\t<div class=\"elementor-widget-wrap elementor-element-populated\">\n\t\t\t\t\t\t\t\t<section class=\"elementor-section elementor-inner-section elementor-element elementor-element-a473fdd elementor-section-boxed elementor-section-height-default elementor-section-height-default tf-sticky-section tf-sticky-no\" data-id=\"a473fdd\" data-element_type=\"section\" data-settings=\"{&quot;tf_sticky&quot;:&quot;no&quot;}\">\n\t\t\t\t\t\t<div class=\"elementor-container elementor-column-gap-default\">\n\t\t\t\t\t<div class=\"elementor-column elementor-col-100 elementor-inner-column elementor-element elementor-element-262459f\" data-id=\"262459f\" data-element_type=\"column\" data-settings=\"{&quot;background_background&quot;:&quot;classic&quot;}\">\n\t\t\t<div class=\"elementor-widget-wrap elementor-element-populated\">\n\t\t\t\t\t\t\t\t<div class=\"elementor-element elementor-element-d16f7ca elementor-widget elementor-widget-heading\" data-id=\"d16f7ca\" data-element_type=\"widget\" data-widget_type=\"heading.default\">\n\t\t\t\t<div class=\"elementor-widget-container\">\n\t\t\t<style>\/*! elementor - v3.11.1 - 15-02-2023 *\/\n.elementor-heading-title{padding:0;margin:0;line-height:1}.elementor-widget-heading .elementor-heading-title[class*=elementor-size-]>a{color:inherit;font-size:inherit;line-height:inherit}.elementor-widget-heading .elementor-heading-title.elementor-size-small{font-size:15px}.elementor-widget-heading .elementor-heading-title.elementor-size-medium{font-size:19px}.elementor-widget-heading .elementor-heading-title.elementor-size-large{font-size:29px}.elementor-widget-heading .elementor-heading-title.elementor-size-xl{font-size:39px}.elementor-widget-heading .elementor-heading-title.elementor-size-xxl{font-size:59px}<\/style><h2 class=\"elementor-heading-title elementor-size-default\">\u0627\u0644\u0645\u062c\u0645\u0648\u0639\u0627\u062a<\/h2>\t\t<\/div>\n\t\t\t\t<\/div>\n\t\t\t\t<div class=\"elementor-element elementor-element-4aac017 elementor-widget elementor-widget-heading\" data-id=\"4aac017\" data-element_type=\"widget\" data-widget_type=\"heading.default\">\n\t\t\t\t<div class=\"elementor-widget-container\">\n\t\t\t<h2 class=\"elementor-heading-title elementor-size-default\">\u0627\u0644\u0645\u0641\u062a\u0648\u062d\u0629 \u0644\u0644\u0627\u0628\u062a\u0643\u0627\u0631. <b>\u0627\u0644\u0623\u0628\u0648\u0627\u0628 \u0627\u0644\u062d\u062f\u064a\u062b\u0629<\/b><\/h2>\t\t<\/div>\n\t\t\t\t<\/div>\n\t\t\t\t\t<\/div>\n\t\t<\/div>\n\t\t\t\t\t\t\t<\/div>\n\t\t<\/section>\n\t\t\t\t\t<\/div>\n\t\t<\/div>\n\t\t\t\t<div class=\"elementor-column elementor-col-33 elementor-top-column elementor-element elementor-element-e0579e0\" data-id=\"e0579e0\" data-element_type=\"column\">\n\t\t\t<div class=\"elementor-widget-wrap elementor-element-populated\">\n\t\t\t\t\t\t\t\t<div class=\"elementor-element elementor-element-65e7da4 elementor-position-top elementor-vertical-align-top elementor-widget elementor-widget-image-box\" data-id=\"65e7da4\" data-element_type=\"widget\" data-widget_type=\"image-box.default\">\n\t\t\t\t<div class=\"elementor-widget-container\">\n\t\t\t<div class=\"elementor-image-box-wrapper\"><figure class=\"elementor-image-box-img\"><a href=\"\/ar\/product-category\/full-metal\/\"><img loading=\"lazy\" decoding=\"async\" width=\"1459\" height=\"2859\" src=\"https:\/\/uniteddoor.com.tr\/wp-content\/uploads\/2023\/02\/ud958.png\" class=\"attachment-full size-full wp-image-3303\" alt=\"\" srcset=\"https:\/\/uniteddoor.com.tr\/wp-content\/uploads\/2023\/02\/ud958.png 1459w, https:\/\/uniteddoor.com.tr\/wp-content\/uploads\/2023\/02\/ud958-1200x2351.png 1200w, https:\/\/uniteddoor.com.tr\/wp-content\/uploads\/2023\/02\/ud958-153x300.png 153w, https:\/\/uniteddoor.com.tr\/wp-content\/uploads\/2023\/02\/ud958-523x1024.png 523w, https:\/\/uniteddoor.com.tr\/wp-content\/uploads\/2023\/02\/ud958-768x1505.png 768w, https:\/\/uniteddoor.com.tr\/wp-content\/uploads\/2023\/02\/ud958-784x1536.png 784w, https:\/\/uniteddoor.com.tr\/wp-content\/uploads\/2023\/02\/ud958-1045x2048.png 1045w\" sizes=\"auto, (max-width: 1459px) 100vw, 1459px\" \/><\/a><\/figure><div class=\"elementor-image-box-content\"><h3 class=\"elementor-image-box-title\"><a href=\"\/ar\/product-category\/full-metal\/\">FULL METAL<\/a><\/h3><\/div><\/div>\t\t<\/div>\n\t\t\t\t<\/div>\n\t\t\t\t\t<\/div>\n\t\t<\/div>\n\t\t\t\t\t\t\t<\/div>\n\t\t<\/section>\n\t\t\t\t<section class=\"elementor-section elementor-top-section elementor-element elementor-element-ff921c2 elementor-section-boxed elementor-section-height-default elementor-section-height-default tf-sticky-section tf-sticky-no\" data-id=\"ff921c2\" data-element_type=\"section\" data-settings=\"{&quot;background_background&quot;:&quot;classic&quot;,&quot;tf_sticky&quot;:&quot;no&quot;}\">\n\t\t\t\t\t\t<div class=\"elementor-container elementor-column-gap-default\">\n\t\t\t\t\t<div class=\"elementor-column elementor-col-33 elementor-top-column elementor-element elementor-element-10e99de\" data-id=\"10e99de\" data-element_type=\"column\">\n\t\t\t<div class=\"elementor-widget-wrap elementor-element-populated\">\n\t\t\t\t\t\t\t\t<div class=\"elementor-element elementor-element-d19ae47 elementor-position-top elementor-vertical-align-top elementor-widget elementor-widget-image-box\" data-id=\"d19ae47\" data-element_type=\"widget\" data-widget_type=\"image-box.default\">\n\t\t\t\t<div class=\"elementor-widget-container\">\n\t\t\t<div class=\"elementor-image-box-wrapper\"><figure class=\"elementor-image-box-img\"><a href=\"\/ar\/product-category\/glass-covered\/\"><img loading=\"lazy\" decoding=\"async\" width=\"1459\" height=\"2859\" src=\"https:\/\/uniteddoor.com.tr\/wp-content\/uploads\/2023\/02\/ud286.png\" class=\"attachment-full size-full wp-image-3178\" alt=\"\" srcset=\"https:\/\/uniteddoor.com.tr\/wp-content\/uploads\/2023\/02\/ud286.png 1459w, https:\/\/uniteddoor.com.tr\/wp-content\/uploads\/2023\/02\/ud286-1200x2351.png 1200w, https:\/\/uniteddoor.com.tr\/wp-content\/uploads\/2023\/02\/ud286-153x300.png 153w, https:\/\/uniteddoor.com.tr\/wp-content\/uploads\/2023\/02\/ud286-523x1024.png 523w, https:\/\/uniteddoor.com.tr\/wp-content\/uploads\/2023\/02\/ud286-768x1505.png 768w, https:\/\/uniteddoor.com.tr\/wp-content\/uploads\/2023\/02\/ud286-784x1536.png 784w, https:\/\/uniteddoor.com.tr\/wp-content\/uploads\/2023\/02\/ud286-1045x2048.png 1045w\" sizes=\"auto, (max-width: 1459px) 100vw, 1459px\" \/><\/a><\/figure><div class=\"elementor-image-box-content\"><h3 class=\"elementor-image-box-title\"><a href=\"\/ar\/product-category\/glass-covered\/\">GLASS COVERED<\/a><\/h3><\/div><\/div>\t\t<\/div>\n\t\t\t\t<\/div>\n\t\t\t\t\t<\/div>\n\t\t<\/div>\n\t\t\t\t<div class=\"elementor-column elementor-col-33 elementor-top-column elementor-element elementor-element-ac0fc8d\" data-id=\"ac0fc8d\" data-element_type=\"column\">\n\t\t\t<div class=\"elementor-widget-wrap elementor-element-populated\">\n\t\t\t\t\t\t\t\t<div class=\"elementor-element elementor-element-405d614 elementor-position-top elementor-vertical-align-top elementor-widget elementor-widget-image-box\" data-id=\"405d614\" data-element_type=\"widget\" data-widget_type=\"image-box.default\">\n\t\t\t\t<div class=\"elementor-widget-container\">\n\t\t\t<div class=\"elementor-image-box-wrapper\"><figure class=\"elementor-image-box-img\"><a href=\"https:\/\/uniteddoor.com.tr\/ar\/gold\/\"><img loading=\"lazy\" decoding=\"async\" width=\"1459\" height=\"2859\" src=\"https:\/\/uniteddoor.com.tr\/wp-content\/uploads\/2023\/02\/ud625.png\" class=\"attachment-full size-full wp-image-3230\" alt=\"\" srcset=\"https:\/\/uniteddoor.com.tr\/wp-content\/uploads\/2023\/02\/ud625.png 1459w, https:\/\/uniteddoor.com.tr\/wp-content\/uploads\/2023\/02\/ud625-1200x2351.png 1200w, https:\/\/uniteddoor.com.tr\/wp-content\/uploads\/2023\/02\/ud625-153x300.png 153w, https:\/\/uniteddoor.com.tr\/wp-content\/uploads\/2023\/02\/ud625-523x1024.png 523w, https:\/\/uniteddoor.com.tr\/wp-content\/uploads\/2023\/02\/ud625-768x1505.png 768w, https:\/\/uniteddoor.com.tr\/wp-content\/uploads\/2023\/02\/ud625-784x1536.png 784w, https:\/\/uniteddoor.com.tr\/wp-content\/uploads\/2023\/02\/ud625-1045x2048.png 1045w\" sizes=\"auto, (max-width: 1459px) 100vw, 1459px\" \/><\/a><\/figure><div class=\"elementor-image-box-content\"><h3 class=\"elementor-image-box-title\"><a href=\"https:\/\/uniteddoor.com.tr\/ar\/gold\/\">GOLD<\/a><\/h3><\/div><\/div>\t\t<\/div>\n\t\t\t\t<\/div>\n\t\t\t\t\t<\/div>\n\t\t<\/div>\n\t\t\t\t<div class=\"elementor-column elementor-col-33 elementor-top-column elementor-element elementor-element-8b652b2\" data-id=\"8b652b2\" data-element_type=\"column\">\n\t\t\t<div class=\"elementor-widget-wrap elementor-element-populated\">\n\t\t\t\t\t\t\t\t<div class=\"elementor-element elementor-element-d66d493 elementor-position-top elementor-vertical-align-top elementor-widget elementor-widget-image-box\" data-id=\"d66d493\" data-element_type=\"widget\" data-widget_type=\"image-box.default\">\n\t\t\t\t<div class=\"elementor-widget-container\">\n\t\t\t<div class=\"elementor-image-box-wrapper\"><figure class=\"elementor-image-box-img\"><a href=\"\/ar\/product-category\/special-serie\/\"><img loading=\"lazy\" decoding=\"async\" width=\"1459\" height=\"2859\" src=\"https:\/\/uniteddoor.com.tr\/wp-content\/uploads\/2023\/02\/ud39.png\" class=\"attachment-full size-full wp-image-3139\" alt=\"\" srcset=\"https:\/\/uniteddoor.com.tr\/wp-content\/uploads\/2023\/02\/ud39.png 1459w, https:\/\/uniteddoor.com.tr\/wp-content\/uploads\/2023\/02\/ud39-1200x2351.png 1200w, https:\/\/uniteddoor.com.tr\/wp-content\/uploads\/2023\/02\/ud39-153x300.png 153w, https:\/\/uniteddoor.com.tr\/wp-content\/uploads\/2023\/02\/ud39-523x1024.png 523w, https:\/\/uniteddoor.com.tr\/wp-content\/uploads\/2023\/02\/ud39-768x1505.png 768w, https:\/\/uniteddoor.com.tr\/wp-content\/uploads\/2023\/02\/ud39-784x1536.png 784w, https:\/\/uniteddoor.com.tr\/wp-content\/uploads\/2023\/02\/ud39-1045x2048.png 1045w\" sizes=\"auto, (max-width: 1459px) 100vw, 1459px\" \/><\/a><\/figure><div class=\"elementor-image-box-content\"><h3 class=\"elementor-image-box-title\"><a href=\"\/ar\/product-category\/special-serie\/\">SPECIAL<\/a><\/h3><\/div><\/div>\t\t<\/div>\n\t\t\t\t<\/div>\n\t\t\t\t\t<\/div>\n\t\t<\/div>\n\t\t\t\t\t\t\t<\/div>\n\t\t<\/section>\n\t\t\t\t\t\t\t<\/div>","protected":false},"excerpt":{"rendered":"<p>CLASSIC COMPOSITE PANEL ELITE FIBER WOOD KATEGOR\u0130LER YEN\u0130L\u0130\u011eE A\u00c7ILAN MODERN KAPILAR FULL METAL GLASS COVERED GOLD SPECIAL INTERIOR DOORS KATEGOR\u0130LER \u0130\u00e7 Kap\u0131 Serisi<\/p>","protected":false},"author":1,"featured_media":0,"parent":0,"menu_order":0,"comment_status":"closed","ping_status":"closed","template":"elementor_header_footer","meta":{"footnotes":""},"class_list":["post-3701","page","type-page","status-publish","hentry"],"_links":{"self":[{"href":"https:\/\/uniteddoor.com.tr\/ar\/wp-json\/wp\/v2\/pages\/3701","targetHints":{"allow":["GET"]}}],"collection":[{"href":"https:\/\/uniteddoor.com.tr\/ar\/wp-json\/wp\/v2\/pages"}],"about":[{"href":"https:\/\/uniteddoor.com.tr\/ar\/wp-json\/wp\/v2\/types\/page"}],"author":[{"embeddable":true,"href":"https:\/\/uniteddoor.com.tr\/ar\/wp-json\/wp\/v2\/users\/1"}],"replies":[{"embeddable":true,"href":"https:\/\/uniteddoor.com.tr\/ar\/wp-json\/wp\/v2\/comments?post=3701"}],"version-history":[{"count":65,"href":"https:\/\/uniteddoor.com.tr\/ar\/wp-json\/wp\/v2\/pages\/3701\/revisions"}],"predecessor-version":[{"id":4578,"href":"https:\/\/uniteddoor.com.tr\/ar\/wp-json\/wp\/v2\/pages\/3701\/revisions\/4578"}],"wp:attachment":[{"href":"https:\/\/uniteddoor.com.tr\/ar\/wp-json\/wp\/v2\/media?parent=3701"}],"curies":[{"name":"wp","href":"https:\/\/api.w.org\/{rel}","templated":true}]}}