{"id":3751,"date":"2023-02-20T19:42:05","date_gmt":"2023-02-20T19:42:05","guid":{"rendered":"https:\/\/uniteddoor.com.tr\/?page_id=3751"},"modified":"2024-01-31T07:48:51","modified_gmt":"2024-01-31T07:48:51","slug":"classic","status":"publish","type":"page","link":"https:\/\/uniteddoor.com.tr\/ar\/classic\/","title":{"rendered":"Classic"},"content":{"rendered":"<div data-elementor-type=\"wp-page\" data-elementor-id=\"3751\" class=\"elementor elementor-3751\">\n\t\t\t\t\t\t\t\t\t<section class=\"elementor-section elementor-top-section elementor-element elementor-element-f137dd9 elementor-section-boxed elementor-section-height-default elementor-section-height-default tf-sticky-section tf-sticky-no\" data-id=\"f137dd9\" data-element_type=\"section\" data-settings=\"{&quot;tf_sticky&quot;:&quot;no&quot;}\">\n\t\t\t\t\t\t<div class=\"elementor-container elementor-column-gap-default\">\n\t\t\t\t\t<div class=\"elementor-column elementor-col-100 elementor-top-column elementor-element elementor-element-728c562\" data-id=\"728c562\" data-element_type=\"column\">\n\t\t\t<div class=\"elementor-widget-wrap elementor-element-populated\">\n\t\t\t\t\t\t\t\t<div class=\"elementor-element elementor-element-530729a elementor-widget elementor-widget-text-editor\" data-id=\"530729a\" data-element_type=\"widget\" data-widget_type=\"text-editor.default\">\n\t\t\t\t<div class=\"elementor-widget-container\">\n\t\t\t<style>\/*! elementor - v3.11.1 - 15-02-2023 *\/\n.elementor-widget-text-editor.elementor-drop-cap-view-stacked .elementor-drop-cap{background-color:#818a91;color:#fff}.elementor-widget-text-editor.elementor-drop-cap-view-framed .elementor-drop-cap{color:#818a91;border:3px solid;background-color:transparent}.elementor-widget-text-editor:not(.elementor-drop-cap-view-default) .elementor-drop-cap{margin-top:8px}.elementor-widget-text-editor:not(.elementor-drop-cap-view-default) .elementor-drop-cap-letter{width:1em;height:1em}.elementor-widget-text-editor .elementor-drop-cap{float:left;text-align:center;line-height:1;font-size:50px}.elementor-widget-text-editor .elementor-drop-cap-letter{display:inline-block}<\/style>\t\t\t\t<p>Modern kap\u0131 modelleriyle,<\/p><p>evizinizi yeniden tasarlay\u0131n!<\/p>\t\t\t\t\t\t<\/div>\n\t\t\t\t<\/div>\n\t\t\t\t\t<\/div>\n\t\t<\/div>\n\t\t\t\t\t\t\t<\/div>\n\t\t<\/section>\n\t\t\t\t<section class=\"elementor-section elementor-top-section elementor-element elementor-element-ba90678 elementor-section-boxed elementor-section-height-default elementor-section-height-default tf-sticky-section tf-sticky-no\" data-id=\"ba90678\" data-element_type=\"section\" data-settings=\"{&quot;background_background&quot;:&quot;classic&quot;,&quot;tf_sticky&quot;:&quot;no&quot;}\">\n\t\t\t\t\t\t<div class=\"elementor-container elementor-column-gap-no\">\n\t\t\t\t\t<div class=\"elementor-column elementor-col-33 elementor-top-column elementor-element elementor-element-2052f96\" data-id=\"2052f96\" data-element_type=\"column\" data-settings=\"{&quot;background_background&quot;:&quot;classic&quot;}\">\n\t\t\t<div class=\"elementor-widget-wrap elementor-element-populated\">\n\t\t\t\t\t\t\t\t<div class=\"elementor-element elementor-element-22648b7 elementor-widget elementor-widget-image\" data-id=\"22648b7\" data-element_type=\"widget\" data-widget_type=\"image.default\">\n\t\t\t\t<div class=\"elementor-widget-container\">\n\t\t\t<style>\/*! elementor - v3.11.1 - 15-02-2023 *\/\n.elementor-widget-image{text-align:center}.elementor-widget-image a{display:inline-block}.elementor-widget-image a img[src$=\".svg\"]{width:48px}.elementor-widget-image img{vertical-align:middle;display:inline-block}<\/style>\t\t\t\t\t\t\t\t\t\t\t\t\t<a href=\"\/ar\/product-category\/classic\/\">\n\t\t\t\t\t\t\t<img loading=\"lazy\" decoding=\"async\" width=\"153\" height=\"300\" src=\"https:\/\/uniteddoor.com.tr\/wp-content\/uploads\/2023\/02\/ud912-153x300.png\" class=\"attachment-medium size-medium wp-image-3282\" alt=\"\" srcset=\"https:\/\/uniteddoor.com.tr\/wp-content\/uploads\/2023\/02\/ud912-153x300.png 153w, https:\/\/uniteddoor.com.tr\/wp-content\/uploads\/2023\/02\/ud912-1200x2351.png 1200w, https:\/\/uniteddoor.com.tr\/wp-content\/uploads\/2023\/02\/ud912-523x1024.png 523w, https:\/\/uniteddoor.com.tr\/wp-content\/uploads\/2023\/02\/ud912-768x1505.png 768w, https:\/\/uniteddoor.com.tr\/wp-content\/uploads\/2023\/02\/ud912-784x1536.png 784w, https:\/\/uniteddoor.com.tr\/wp-content\/uploads\/2023\/02\/ud912-1045x2048.png 1045w, https:\/\/uniteddoor.com.tr\/wp-content\/uploads\/2023\/02\/ud912.png 1459w\" sizes=\"auto, (max-width: 153px) 100vw, 153px\" \/>\t\t\t\t\t\t\t\t<\/a>\n\t\t\t\t\t\t\t\t\t\t\t\t\t\t\t<\/div>\n\t\t\t\t<\/div>\n\t\t\t\t<section class=\"elementor-section elementor-inner-section elementor-element elementor-element-6d6b50d elementor-section-boxed elementor-section-height-default elementor-section-height-default tf-sticky-section tf-sticky-no\" data-id=\"6d6b50d\" data-element_type=\"section\" data-settings=\"{&quot;tf_sticky&quot;:&quot;no&quot;}\">\n\t\t\t\t\t\t<div class=\"elementor-container elementor-column-gap-default\">\n\t\t\t\t\t<div class=\"elementor-column elementor-col-100 elementor-inner-column elementor-element elementor-element-a49f21d\" data-id=\"a49f21d\" data-element_type=\"column\">\n\t\t\t<div class=\"elementor-widget-wrap elementor-element-populated\">\n\t\t\t\t\t\t\t\t<div class=\"elementor-element elementor-element-77e7f97 elementor-widget elementor-widget-heading\" data-id=\"77e7f97\" data-element_type=\"widget\" data-widget_type=\"heading.default\">\n\t\t\t\t<div class=\"elementor-widget-container\">\n\t\t\t<style>\/*! elementor - v3.11.1 - 15-02-2023 *\/\n.elementor-heading-title{padding:0;margin:0;line-height:1}.elementor-widget-heading .elementor-heading-title[class*=elementor-size-]>a{color:inherit;font-size:inherit;line-height:inherit}.elementor-widget-heading .elementor-heading-title.elementor-size-small{font-size:15px}.elementor-widget-heading .elementor-heading-title.elementor-size-medium{font-size:19px}.elementor-widget-heading .elementor-heading-title.elementor-size-large{font-size:29px}.elementor-widget-heading .elementor-heading-title.elementor-size-xl{font-size:39px}.elementor-widget-heading .elementor-heading-title.elementor-size-xxl{font-size:59px}<\/style><h4 class=\"elementor-heading-title elementor-size-default\">HEPS\u0130<\/h4>\t\t<\/div>\n\t\t\t\t<\/div>\n\t\t\t\t<div class=\"elementor-element elementor-element-347b3dc elementor-widget elementor-widget-text-editor\" data-id=\"347b3dc\" data-element_type=\"widget\" data-widget_type=\"text-editor.default\">\n\t\t\t\t<div class=\"elementor-widget-container\">\n\t\t\t\t\t\t\t<p>\u062a\u062e\u0644\u0642 United door \u0623\u0628\u0648\u0627\u0628\u064b\u0627 \u0623\u0646\u064a\u0642\u0629 \u0648\u0645\u0644\u0641\u062a\u0629 \u0644\u0644\u0646\u0638\u0631 \u0645\u0639 \u0648\u062d\u062f\u0627\u062a \u0645\u0641\u064a\u062f\u0629 \u0628\u0627\u0644\u0625\u0636\u0627\u0641\u0629 \u0625\u0644\u0649 \u062e\u064a\u0627\u0631\u0627\u062a \u0623\u0644\u0648\u0627\u0646 \u063a\u0646\u064a\u0629.<\/p>\t\t\t\t\t\t<\/div>\n\t\t\t\t<\/div>\n\t\t\t\t<div class=\"elementor-element elementor-element-3f54bef elementor-align-center elementor-widget elementor-widget-button\" data-id=\"3f54bef\" data-element_type=\"widget\" data-widget_type=\"button.default\">\n\t\t\t\t<div class=\"elementor-widget-container\">\n\t\t\t\t\t<div class=\"elementor-button-wrapper\">\n\t\t\t<a href=\"\/ar\/product-category\/classic\/\" class=\"elementor-button-link elementor-button elementor-size-sm\" role=\"button\">\n\t\t\t\t\t\t<span class=\"elementor-button-content-wrapper\">\n\t\t\t\t\t\t\t<span class=\"elementor-button-icon elementor-align-icon-left\">\n\t\t\t\t<i aria-hidden=\"true\" class=\"far fa-arrow-alt-circle-right\"><\/i>\t\t\t<\/span>\n\t\t\t\t\t\t<span class=\"elementor-button-text\">\u064a\u0641\u062d\u0635<\/span>\n\t\t<\/span>\n\t\t\t\t\t<\/a>\n\t\t<\/div>\n\t\t\t\t<\/div>\n\t\t\t\t<\/div>\n\t\t\t\t\t<\/div>\n\t\t<\/div>\n\t\t\t\t\t\t\t<\/div>\n\t\t<\/section>\n\t\t\t\t\t<\/div>\n\t\t<\/div>\n\t\t\t\t<div class=\"elementor-column elementor-col-33 elementor-top-column elementor-element elementor-element-e572add\" data-id=\"e572add\" data-element_type=\"column\" data-settings=\"{&quot;background_background&quot;:&quot;classic&quot;}\">\n\t\t\t<div class=\"elementor-widget-wrap elementor-element-populated\">\n\t\t\t\t\t\t\t\t<div class=\"elementor-element elementor-element-9493189 elementor-widget elementor-widget-image\" data-id=\"9493189\" data-element_type=\"widget\" data-widget_type=\"image.default\">\n\t\t\t\t<div class=\"elementor-widget-container\">\n\t\t\t\t\t\t\t\t\t\t\t\t\t\t\t\t<a href=\"\/ar\/product-category\/classic\/\">\n\t\t\t\t\t\t\t<img loading=\"lazy\" decoding=\"async\" width=\"153\" height=\"300\" src=\"https:\/\/uniteddoor.com.tr\/wp-content\/uploads\/2023\/02\/ud901-153x300.png\" class=\"attachment-medium size-medium wp-image-3281\" alt=\"\" srcset=\"https:\/\/uniteddoor.com.tr\/wp-content\/uploads\/2023\/02\/ud901-153x300.png 153w, https:\/\/uniteddoor.com.tr\/wp-content\/uploads\/2023\/02\/ud901-1200x2351.png 1200w, https:\/\/uniteddoor.com.tr\/wp-content\/uploads\/2023\/02\/ud901-523x1024.png 523w, https:\/\/uniteddoor.com.tr\/wp-content\/uploads\/2023\/02\/ud901-768x1505.png 768w, https:\/\/uniteddoor.com.tr\/wp-content\/uploads\/2023\/02\/ud901-784x1536.png 784w, https:\/\/uniteddoor.com.tr\/wp-content\/uploads\/2023\/02\/ud901-1045x2048.png 1045w, https:\/\/uniteddoor.com.tr\/wp-content\/uploads\/2023\/02\/ud901.png 1459w\" sizes=\"auto, (max-width: 153px) 100vw, 153px\" \/>\t\t\t\t\t\t\t\t<\/a>\n\t\t\t\t\t\t\t\t\t\t\t\t\t\t\t<\/div>\n\t\t\t\t<\/div>\n\t\t\t\t<section class=\"elementor-section elementor-inner-section elementor-element elementor-element-44f0866 elementor-section-boxed elementor-section-height-default elementor-section-height-default tf-sticky-section tf-sticky-no\" data-id=\"44f0866\" data-element_type=\"section\" data-settings=\"{&quot;tf_sticky&quot;:&quot;no&quot;}\">\n\t\t\t\t\t\t<div class=\"elementor-container elementor-column-gap-default\">\n\t\t\t\t\t<div class=\"elementor-column elementor-col-100 elementor-inner-column elementor-element elementor-element-9aedbe9\" data-id=\"9aedbe9\" data-element_type=\"column\">\n\t\t\t<div class=\"elementor-widget-wrap elementor-element-populated\">\n\t\t\t\t\t\t\t\t<div class=\"elementor-element elementor-element-e75a167 elementor-widget elementor-widget-heading\" data-id=\"e75a167\" data-element_type=\"widget\" data-widget_type=\"heading.default\">\n\t\t\t\t<div class=\"elementor-widget-container\">\n\t\t\t<h4 class=\"elementor-heading-title elementor-size-default\">Classic<\/h4>\t\t<\/div>\n\t\t\t\t<\/div>\n\t\t\t\t<div class=\"elementor-element elementor-element-cf49801 elementor-widget elementor-widget-text-editor\" data-id=\"cf49801\" data-element_type=\"widget\" data-widget_type=\"text-editor.default\">\n\t\t\t\t<div class=\"elementor-widget-container\">\n\t\t\t\t\t\t\t<p>\u062a\u062e\u0644\u0642 United door \u0623\u0628\u0648\u0627\u0628\u064b\u0627 \u0623\u0646\u064a\u0642\u0629 \u0648\u0645\u0644\u0641\u062a\u0629 \u0644\u0644\u0646\u0638\u0631 \u0645\u0639 \u0648\u062d\u062f\u0627\u062a \u0645\u0641\u064a\u062f\u0629 \u0628\u0627\u0644\u0625\u0636\u0627\u0641\u0629 \u0625\u0644\u0649 \u062e\u064a\u0627\u0631\u0627\u062a \u0623\u0644\u0648\u0627\u0646 \u063a\u0646\u064a\u0629.<\/p>\t\t\t\t\t\t<\/div>\n\t\t\t\t<\/div>\n\t\t\t\t<div class=\"elementor-element elementor-element-39ff430 elementor-align-center elementor-widget elementor-widget-button\" data-id=\"39ff430\" data-element_type=\"widget\" data-widget_type=\"button.default\">\n\t\t\t\t<div class=\"elementor-widget-container\">\n\t\t\t\t\t<div class=\"elementor-button-wrapper\">\n\t\t\t<a href=\"\/ar\/product-category\/classic\/\" class=\"elementor-button-link elementor-button elementor-size-sm\" role=\"button\">\n\t\t\t\t\t\t<span class=\"elementor-button-content-wrapper\">\n\t\t\t\t\t\t\t<span class=\"elementor-button-icon elementor-align-icon-left\">\n\t\t\t\t<i aria-hidden=\"true\" class=\"far fa-arrow-alt-circle-right\"><\/i>\t\t\t<\/span>\n\t\t\t\t\t\t<span class=\"elementor-button-text\">\u064a\u0641\u062d\u0635<\/span>\n\t\t<\/span>\n\t\t\t\t\t<\/a>\n\t\t<\/div>\n\t\t\t\t<\/div>\n\t\t\t\t<\/div>\n\t\t\t\t\t<\/div>\n\t\t<\/div>\n\t\t\t\t\t\t\t<\/div>\n\t\t<\/section>\n\t\t\t\t\t<\/div>\n\t\t<\/div>\n\t\t\t\t<div class=\"elementor-column elementor-col-33 elementor-top-column elementor-element elementor-element-2bda309\" data-id=\"2bda309\" data-element_type=\"column\" data-settings=\"{&quot;background_background&quot;:&quot;classic&quot;}\">\n\t\t\t<div class=\"elementor-widget-wrap elementor-element-populated\">\n\t\t\t\t\t\t\t\t<div class=\"elementor-element elementor-element-a68f156 elementor-widget elementor-widget-image\" data-id=\"a68f156\" data-element_type=\"widget\" data-widget_type=\"image.default\">\n\t\t\t\t<div class=\"elementor-widget-container\">\n\t\t\t\t\t\t\t\t\t\t\t\t\t\t\t\t<a href=\"\/\/product-category\/classic\/classic-popom\/\">\n\t\t\t\t\t\t\t<img loading=\"lazy\" decoding=\"async\" width=\"153\" height=\"300\" src=\"https:\/\/uniteddoor.com.tr\/wp-content\/uploads\/2023\/02\/ud922-153x300.png\" class=\"attachment-medium size-medium wp-image-3285\" alt=\"\" srcset=\"https:\/\/uniteddoor.com.tr\/wp-content\/uploads\/2023\/02\/ud922-153x300.png 153w, https:\/\/uniteddoor.com.tr\/wp-content\/uploads\/2023\/02\/ud922-1200x2351.png 1200w, https:\/\/uniteddoor.com.tr\/wp-content\/uploads\/2023\/02\/ud922-523x1024.png 523w, https:\/\/uniteddoor.com.tr\/wp-content\/uploads\/2023\/02\/ud922-768x1505.png 768w, https:\/\/uniteddoor.com.tr\/wp-content\/uploads\/2023\/02\/ud922-784x1536.png 784w, https:\/\/uniteddoor.com.tr\/wp-content\/uploads\/2023\/02\/ud922-1045x2048.png 1045w, https:\/\/uniteddoor.com.tr\/wp-content\/uploads\/2023\/02\/ud922.png 1459w\" sizes=\"auto, (max-width: 153px) 100vw, 153px\" \/>\t\t\t\t\t\t\t\t<\/a>\n\t\t\t\t\t\t\t\t\t\t\t\t\t\t\t<\/div>\n\t\t\t\t<\/div>\n\t\t\t\t<section class=\"elementor-section elementor-inner-section elementor-element elementor-element-c0992e9 elementor-section-boxed elementor-section-height-default elementor-section-height-default tf-sticky-section tf-sticky-no\" data-id=\"c0992e9\" data-element_type=\"section\" data-settings=\"{&quot;tf_sticky&quot;:&quot;no&quot;}\">\n\t\t\t\t\t\t<div class=\"elementor-container elementor-column-gap-default\">\n\t\t\t\t\t<div class=\"elementor-column elementor-col-100 elementor-inner-column elementor-element elementor-element-d263bd6\" data-id=\"d263bd6\" data-element_type=\"column\">\n\t\t\t<div class=\"elementor-widget-wrap elementor-element-populated\">\n\t\t\t\t\t\t\t\t<div class=\"elementor-element elementor-element-ed947bf elementor-widget elementor-widget-heading\" data-id=\"ed947bf\" data-element_type=\"widget\" data-widget_type=\"heading.default\">\n\t\t\t\t<div class=\"elementor-widget-container\">\n\t\t\t<h4 class=\"elementor-heading-title elementor-size-default\"><a href=\"\/\/product-category\/classic\/classic-popom\/\">Classic Ponpon<\/a><\/h4>\t\t<\/div>\n\t\t\t\t<\/div>\n\t\t\t\t<div class=\"elementor-element elementor-element-3ad7250 elementor-widget elementor-widget-text-editor\" data-id=\"3ad7250\" data-element_type=\"widget\" data-widget_type=\"text-editor.default\">\n\t\t\t\t<div class=\"elementor-widget-container\">\n\t\t\t\t\t\t\t<p>\u062a\u062e\u0644\u0642 United door \u0623\u0628\u0648\u0627\u0628\u064b\u0627 \u0623\u0646\u064a\u0642\u0629 \u0648\u0645\u0644\u0641\u062a\u0629 \u0644\u0644\u0646\u0638\u0631 \u0645\u0639 \u0648\u062d\u062f\u0627\u062a \u0645\u0641\u064a\u062f\u0629 \u0628\u0627\u0644\u0625\u0636\u0627\u0641\u0629 \u0625\u0644\u0649 \u062e\u064a\u0627\u0631\u0627\u062a \u0623\u0644\u0648\u0627\u0646 \u063a\u0646\u064a\u0629.<\/p>\t\t\t\t\t\t<\/div>\n\t\t\t\t<\/div>\n\t\t\t\t<div class=\"elementor-element elementor-element-103ec6e elementor-align-center elementor-widget elementor-widget-button\" data-id=\"103ec6e\" data-element_type=\"widget\" data-widget_type=\"button.default\">\n\t\t\t\t<div class=\"elementor-widget-container\">\n\t\t\t\t\t<div class=\"elementor-button-wrapper\">\n\t\t\t<a href=\"\/\/product-category\/classic\/classic-popom\/\" class=\"elementor-button-link elementor-button elementor-size-sm\" role=\"button\">\n\t\t\t\t\t\t<span class=\"elementor-button-content-wrapper\">\n\t\t\t\t\t\t\t<span class=\"elementor-button-icon elementor-align-icon-left\">\n\t\t\t\t<i aria-hidden=\"true\" class=\"far fa-arrow-alt-circle-right\"><\/i>\t\t\t<\/span>\n\t\t\t\t\t\t<span class=\"elementor-button-text\">\u064a\u0641\u062d\u0635<\/span>\n\t\t<\/span>\n\t\t\t\t\t<\/a>\n\t\t<\/div>\n\t\t\t\t<\/div>\n\t\t\t\t<\/div>\n\t\t\t\t\t<\/div>\n\t\t<\/div>\n\t\t\t\t\t\t\t<\/div>\n\t\t<\/section>\n\t\t\t\t\t<\/div>\n\t\t<\/div>\n\t\t\t\t\t\t\t<\/div>\n\t\t<\/section>\n\t\t\t\t\t\t\t<\/div>","protected":false},"excerpt":{"rendered":"<p>Modern kap\u0131 modelleriyle, evizinizi yeniden tasarlay\u0131n! HEPS\u0130 United door, zengin renk se\u00e7eneklerinin yan\u0131 s\u0131ra kullan\u0131\u015fl\u0131 mod\u00fclleriyle \u015f\u0131k ve g\u00f6z al\u0131c\u0131 kap\u0131lara imza at\u0131yor. \u0130ncele Classic United door, zengin renk se\u00e7eneklerinin yan\u0131 s\u0131ra kullan\u0131\u015fl\u0131 mod\u00fclleriyle \u015f\u0131k ve g\u00f6z al\u0131c\u0131 kap\u0131lara imza at\u0131yor. \u0130ncele Classic Ponpon United door, zengin renk se\u00e7eneklerinin yan\u0131 s\u0131ra kullan\u0131\u015fl\u0131 mod\u00fclleriyle \u015f\u0131k ve [&hellip;]<\/p>","protected":false},"author":1,"featured_media":0,"parent":0,"menu_order":0,"comment_status":"closed","ping_status":"closed","template":"elementor_header_footer","meta":{"footnotes":""},"class_list":["post-3751","page","type-page","status-publish","hentry"],"_links":{"self":[{"href":"https:\/\/uniteddoor.com.tr\/ar\/wp-json\/wp\/v2\/pages\/3751","targetHints":{"allow":["GET"]}}],"collection":[{"href":"https:\/\/uniteddoor.com.tr\/ar\/wp-json\/wp\/v2\/pages"}],"about":[{"href":"https:\/\/uniteddoor.com.tr\/ar\/wp-json\/wp\/v2\/types\/page"}],"author":[{"embeddable":true,"href":"https:\/\/uniteddoor.com.tr\/ar\/wp-json\/wp\/v2\/users\/1"}],"replies":[{"embeddable":true,"href":"https:\/\/uniteddoor.com.tr\/ar\/wp-json\/wp\/v2\/comments?post=3751"}],"version-history":[{"count":13,"href":"https:\/\/uniteddoor.com.tr\/ar\/wp-json\/wp\/v2\/pages\/3751\/revisions"}],"predecessor-version":[{"id":4572,"href":"https:\/\/uniteddoor.com.tr\/ar\/wp-json\/wp\/v2\/pages\/3751\/revisions\/4572"}],"wp:attachment":[{"href":"https:\/\/uniteddoor.com.tr\/ar\/wp-json\/wp\/v2\/media?parent=3751"}],"curies":[{"name":"wp","href":"https:\/\/api.w.org\/{rel}","templated":true}]}}