{"id":3642,"date":"2023-02-20T18:45:41","date_gmt":"2023-02-20T18:45:41","guid":{"rendered":"https:\/\/uniteddoor.com.tr\/product\/product-117\/"},"modified":"2023-03-11T10:49:24","modified_gmt":"2023-03-11T10:49:24","slug":"product-117","status":"publish","type":"product","link":"https:\/\/uniteddoor.com.tr\/ar\/product\/product-117\/","title":{"rendered":"Circe&#8217;s Enchantment Steel Door"},"content":{"rendered":"<p>\u0623\u0628\u0639\u0627\u062f \u0628\u0627\u0628\u0646\u0627. \u0627\u0644\u0637\u0648\u0644: 200 \u0633\u0645 \u0627\u0644\u0639\u0631\u0636: 90 \u0633\u0645 \u0627\u0644\u0639\u0644\u0628\u0629: 18-24 \u0633\u0645 (\u0642\u0627\u0628\u0644\u0629 \u0644\u0644\u062a\u0639\u062f\u064a\u0644) (\u0642\u062f \u062a\u062e\u062a\u0644\u0641 \u062d\u0633\u0628 \u0627\u0644\u0623\u0628\u0639\u0627\u062f \u0627\u0644\u062a\u064a \u062a\u0631\u064a\u062f\u0647\u0627)<br \/>\n\u2022 \u0625\u0637\u0627\u0631\u0627\u062a \u0627\u0644\u0623\u0628\u0648\u0627\u0628 1.5 \u0645\u0645 CCR-6112 Eregli A-1 DKP \u0645\u0646 \u0627\u0644\u0635\u0641\u0627\u0626\u062d \u0627\u0644\u0645\u0639\u062f\u0646\u064a\u0629 \u060c \u0648\u062d\u0634\u064a\u0629 \u0645\u0637\u0627\u0637\u064a\u0629 \u060c \u0648\u0645\u0636\u0627\u0631\u0628 \u0642\u0641\u0644 \u0645\u062b\u0628\u062a\u0629 \u0641\u064a \u0627\u0644\u0635\u0641\u0627\u0626\u062d \u0627\u0644\u0645\u0639\u062f\u0646\u064a\u0629<br \/>\n\u2022 \u0623\u0644\u0648\u0627\u062d \u0627\u0644\u0628\u0627\u0628 \u0645\u0635\u0646\u0648\u0639\u0629 \u0645\u0646 \u0644\u0648\u062d\u0629 DKP A-1 CCR-6112 Ere\u011fli \u0633\u0645\u0643 1.5 \u0645\u0644\u0645\u060c \u0648\u062a\u062a\u0623\u0644\u0641 \u0645\u0646 \u0644\u0648\u062d\u0627\u062a \u0645\u0639\u062f\u0646\u064a\u0629 \u0643\u0627\u0645\u0644\u0629 \u062a\u0645 \u062a\u0639\u0632\u064a\u0632\u0647\u0627 \u0628\u0640 5 \u0642\u0637\u0639 \u0645\u0646 \u0627\u0644\u0634\u0631\u0627\u0626\u062d \u0628\u0639\u0631\u0636 10 \u0633\u0645.<br \/>\n\u2022 \u062a\u0645 \u062a\u0635\u0646\u064a\u0639 \u0623\u0639\u0645\u0627\u0644 \u0627\u0644\u062e\u0634\u0628 \u0644\u0644\u0623\u0628\u0648\u0627\u0628 \u0628\u0627\u0633\u062a\u062e\u062f\u0627\u0645 \u062e\u0634\u0628 \u0627\u0644\u062c\u0648\u0632 \u0627\u0644\u0645\u0646\u062d\u0648\u062a \u0630\u0648 \u0627\u0644\u062c\u0648\u062f\u0629 \u0627\u0644\u0623\u0648\u0644\u0649 \u0648\u064a\u0645\u0643\u0646 \u062a\u0646\u0648\u064a\u0639\u0647 \u0628\u0637\u0628\u0642\u0629 \u062a\u063a\u0637\u064a\u0629 Alpi \u0623\u0648 \u062a\u063a\u0637\u064a\u0629 \u0644\u0627\u0645\u064a\u0646\u062a\u060c \u0648\u0645\u0627 \u0625\u0644\u0649 \u0630\u0644\u0643.<br \/>\n\u2022 \u0644\u062a\u063a\u0637\u064a\u0629 \u0627\u0644\u0635\u0646\u062f\u0648\u0642\u060c \u064a\u062a\u0645 \u0627\u0633\u062a\u062e\u062f\u0627\u0645 \u0644\u0627\u0635\u0642 \u0645\u0646 \u0646\u0648\u0639 HENKEL \u0639\u0644\u0649 \u0627\u0644\u0641\u0648\u0644\u0627\u0630 \u0628\u0637\u0628\u0642\u0629 MDF \u0633\u0645\u0643 4 \u0645\u0644\u0645.<br \/>\n\u2022 \u064a\u062a\u0645 \u062a\u0637\u0628\u064a\u0642 \u0627\u0644\u0625\u0637\u0627\u0631\u0627\u062a \u0643\u0625\u0637\u0627\u0631\u0627\u062a \u0637\u0631\u0627\u0632\u064a\u0629 \u0623\u0648 \u0625\u0637\u0627\u0631\u0627\u062a \u0628\u064a\u0636\u0627\u0648\u064a\u0629\u060c \u062b\u0627\u0628\u062a\u0629 \u0628\u0634\u0643\u0644 \u0645\u062a\u0645\u0627\u0633\u0643 \u0639\u0644\u0649 \u0627\u0644\u0635\u0646\u062f\u0648\u0642.<br \/>\n\u2022 \u064a\u062a\u0645 \u0645\u0644\u0621 \u0627\u0644\u062f\u0627\u062e\u0644\u064a\u0629 \u0644\u0644\u0623\u062c\u0646\u062d\u0629 \u0628\u0627\u0644\u0635\u0648\u0641 \u0627\u0644\u0635\u062e\u0631\u064a \u0628\u0643\u062b\u0627\u0641\u0629 6 \u0643\u062b\u0627\u0641\u0627\u062a \u0644\u0639\u0632\u0644 \u062d\u0631\u0627\u0631\u064a \u0648\u0635\u0648\u062a\u064a.<br \/>\n\u2022 \u064a\u062a\u0645 \u0637\u0644\u0627\u0621 \u0627\u0644\u0647\u064a\u0627\u0643\u0644 \u0648\u0627\u0644\u062c\u0646\u0627\u062d\u0627\u062a \u0644\u062f\u064a\u0646\u0627 \u0641\u064a \u0645\u0631\u0627\u0641\u0642 \u0631\u0634 \u0648\u063a\u0633\u064a\u0644 \u062b\u0627\u0628\u062a\u0629 \u062a\u0639\u0645\u0644 \u0628\u0627\u0644\u062d\u0631\u0627\u0631\u0629 \u0628\u0648\u0627\u0633\u0637\u0629 \u0631\u0630\u0627\u0630 \u0648\u0646\u0638\u0627\u0645 \u0628\u062e\u0627\u062e\u0629 \u062a\u0644\u0642\u0627\u0626\u064a \u0628\u062f\u0631\u062c\u0629 \u062d\u0631\u0627\u0631\u0629 \u062a\u062a\u0631\u0627\u0648\u062d \u0628\u064a\u0646 200-220 \u062f\u0631\u062c\u0629 \u0645\u0626\u0648\u064a\u0629.<br \/>\n\u2022 \u0637\u0644\u0627\u0621 \u0627\u0644\u0645\u0639\u0627\u062f\u0646 \u0644\u0623\u0628\u0648\u0627\u0628\u0646\u0627 \u0647\u0648 \u0645\u0646 \u0646\u0648\u0639 \"POLYESTER STATIC\" \u0648\u064a\u0623\u062a\u064a \u0645\u0639 \u0636\u0645\u0627\u0646 \u0644\u0645\u062f\u0629 5 \u0633\u0646\u0648\u0627\u062a. \u0633\u064a\u062a\u0645 \u0627\u062e\u062a\u064a\u0627\u0631 \u0644\u0648\u0646 \u0627\u0644\u062c\u0646\u0627\u062d \u0644\u064a\u062a\u0646\u0627\u0633\u0628 \u0645\u0639 \u0627\u0644\u0644\u0648\u0646 \u0627\u0644\u0645\u0637\u0644\u0648\u0628.<br \/>\n\u2022 \u0646\u062d\u0646 \u0646\u0633\u062a\u062e\u062f\u0645 \u0646\u0638\u0627\u0645 \u0642\u0641\u0644 Kale \u0627\u0644\u0639\u0644\u0627\u0645\u0629 \u0627\u0644\u062a\u062c\u0627\u0631\u064a\u0629 \u0644\u0623\u0642\u0641\u0627\u0644 \u0627\u0644\u0623\u0628\u0648\u0627\u0628 \u0644\u062f\u064a\u0646\u0627. (\u0623\u0646\u0638\u0645\u0629 \u0627\u0644\u0642\u0641\u0644 \u0627\u062e\u062a\u064a\u0627\u0631\u064a\u0629.)<br \/>\n\u2022 \u0645\u0644\u062d\u0642\u0627\u062a \u0627\u0644\u0623\u0628\u0648\u0627\u0628 \u0644\u062f\u064a\u0646\u0627 \u0647\u064a \u0645\u0646 \u0627\u0644\u062f\u0631\u062c\u0629 \u0627\u0644\u0623\u0648\u0644\u0649 \u0648\u064a\u0645\u0643\u0646 \u0627\u062e\u062a\u064a\u0627\u0631\u0647\u0627 \u0643\u0645\u0635\u0646\u0648\u0639\u0629 \u0645\u0646 \u0627\u0644\u0646\u062d\u0627\u0633 \u0623\u0648 \u0627\u0644\u0633\u062a\u0627\u0646 \u0623\u0648 \u0627\u0644\u0630\u0647\u0628. (\u064a\u0645\u0643\u0646 \u062a\u0646\u0648\u064a\u0639 \u0627\u0644\u0645\u0644\u062d\u0642\u0627\u062a.)<br \/>\n\u2022 \u064a\u062a\u0645\u064a\u0632 \u0623\u062c\u0646\u062d\u0629 \u0627\u0644\u0628\u0627\u0628 \u0628\u0639\u062f\u0633\u0629 \u0632\u062c\u0627\u062c\u064a\u0629 \u0644\u0645\u0631\u0627\u0642\u0628\u0629 \u0627\u0644\u0631\u0624\u064a\u0629 \u0628\u0632\u0627\u0648\u064a\u0629 180 \u062f\u0631\u062c\u0629 \u0648\u0642\u0641\u0644 \u0623\u0645\u0627\u0646 \u0645\u062e\u0641\u064a.<br \/>\n\u2022 \u062a\u0633\u062a\u062e\u062f\u0645 \u0623\u0628\u0648\u0627\u0628\u0646\u0627 2 \u0645\u0641\u0635\u0644\u0627\u062a \u0642\u0627\u0628\u0644\u0629 \u0644\u0644\u062a\u0639\u062f\u064a\u0644 \u0648\u0645\u0635\u0646\u0648\u0639\u0629 \u062e\u0635\u064a\u0635\u064b\u0627 \u0648\u0642\u0627\u0628\u0644\u0629 \u0644\u0644\u062a\u0632\u064a\u064a\u062a \u0628\u0640 4 \u0645\u062d\u0627\u0648\u0631.<br \/>\n\u2022 \u0627\u0644\u0648\u0632\u0646 \u0627\u0644\u0635\u0627\u0641\u064a \u0644\u0633\u0644\u0633\u0644\u0629 \u0627\u0644\u0628\u0627\u0628 \u0627\u0644\u0646\u062e\u0628\u0629 \u0627\u0644\u0639\u0628\u0648\u0629 \u064a\u062a\u0631\u0627\u0648\u062d \u0628\u064a\u0646 125-135 \u0643\u062c\u0645. \u064a\u062a\u0645 \u0627\u0633\u062a\u062e\u062f\u0627\u0645 \u062e\u062a\u0645 \u0644\u0627\u0635\u0642 \u062d\u0648\u0644 \u0627\u0644\u062c\u0646\u0627\u062d.<br \/>\n\u2022 \u0623\u0628\u0648\u0627\u0628\u0646\u0627 \u0645\u0636\u0645\u0648\u0646\u0629 \u0644\u0645\u062f\u0629 2 \u0633\u0646\u0629 \u0648\u0641\u0642\u064b\u0627 \u0644\u0645\u0639\u0627\u064a\u064a\u0631 TSE\u060c \u0648\u0627\u0644\u0645\u0648\u0627\u062f \u0627\u0644\u0645\u0633\u062a\u062e\u062f\u0645\u0629 \u0645\u0636\u0645\u0648\u0646\u0629 \u0644\u0645\u062f\u0629 5-10 \u0633\u0646\u0648\u0627\u062a \u0645\u0646 \u0642\u0628\u0644 \u0627\u0644\u0634\u0631\u0643\u0627\u062a \u0627\u0644\u0645\u0635\u0646\u0639\u0629.<\/p>","protected":false},"excerpt":{"rendered":"<p>\u2022 Kap\u0131 \u00f6l\u00e7\u00fclerimiz; Boy:200 cm En:90 cm Kasa:18-24cm (ayarlanabilir) (\u0130stedi\u011finiz \u00f6l\u00e7\u00fclere g\u00f6re de\u011fi\u015fkenlik g\u00f6sterebilir) \u2022 Kap\u0131 kasalar\u0131 1,5 mm CCR-6112 Ere\u011fli A-1 DKP sac,Lastik conta, kilit kar\u015f\u0131l\u0131k yerleri sac i\u00e7erisine g\u00f6mme \u015fekildedir. \u2022 Kap\u0131 kanatlar\u0131 1,5 mm CCR-6112 Ere\u011fli A-1 DKP sac, kanat i\u00e7i komple sac panel olup 5 adet 10 cm ku\u015faklarla takviyelidir. \u2022 [&hellip;]<\/p>","protected":false},"featured_media":3322,"template":"","meta":[],"product_cat":[53],"product_tag":[],"class_list":["post-3642","product","type-product","status-publish","has-post-thumbnail","hentry","product_cat-fiber-wood","wcpa_has_options"],"_links":{"self":[{"href":"https:\/\/uniteddoor.com.tr\/ar\/wp-json\/wp\/v2\/product\/3642","targetHints":{"allow":["GET"]}}],"collection":[{"href":"https:\/\/uniteddoor.com.tr\/ar\/wp-json\/wp\/v2\/product"}],"about":[{"href":"https:\/\/uniteddoor.com.tr\/ar\/wp-json\/wp\/v2\/types\/product"}],"wp:featuredmedia":[{"embeddable":true,"href":"https:\/\/uniteddoor.com.tr\/ar\/wp-json\/wp\/v2\/media\/3322"}],"wp:attachment":[{"href":"https:\/\/uniteddoor.com.tr\/ar\/wp-json\/wp\/v2\/media?parent=3642"}],"wp:term":[{"taxonomy":"product_cat","embeddable":true,"href":"https:\/\/uniteddoor.com.tr\/ar\/wp-json\/wp\/v2\/product_cat?post=3642"},{"taxonomy":"product_tag","embeddable":true,"href":"https:\/\/uniteddoor.com.tr\/ar\/wp-json\/wp\/v2\/product_tag?post=3642"}],"curies":[{"name":"wp","href":"https:\/\/api.w.org\/{rel}","templated":true}]}}