{"id":3561,"date":"2023-02-20T18:45:18","date_gmt":"2023-02-20T18:45:18","guid":{"rendered":"https:\/\/uniteddoor.com.tr\/product\/product-36\/"},"modified":"2024-01-26T06:26:58","modified_gmt":"2024-01-26T06:26:58","slug":"product-36","status":"publish","type":"product","link":"https:\/\/uniteddoor.com.tr\/en\/product\/product-36\/","title":{"rendered":"UD-918"},"content":{"rendered":"<p>\u2022 Our door dimensions are as follows: Height: 200 cm, Width: 90 cm, Frame Depth: 18-24 cm (adjustable) (Dimensions may vary according to your preferences).<br \/>\nThe door frames are made of 1.5 mm CCR-6112 Ere\u011fli A-1 DKP sheet steel, with embedded rubber seals and recessed lock fittings.<br \/>\n\u2022 The door wings are made of 1.5 mm CCR-6112 Ere\u011fli A-1 DKP sheet steel, with a solid panel construction and reinforced with 5 10 cm strips.<br \/>\n\u2022 The box frame with a wing edge of 12 cm has a beam thickness of 7 cm.<br \/>\n\u2022 Door panels can be manufactured as first-class walnut rustic wood.<br \/>\n\u2022 Our frames and wings are painted in a fully automated spray and washing line with static paint facility at 200-220\u00b0C.<br \/>\n\u2022 Our door metal paints are 'POLYESTER STATIC' and come with a 5-year warranty, and the color choice will be made according to the wing color.<br \/>\n\u2022 Our door locks use the Kale brand monoblock lock system. (Lock systems are optional.)<br \/>\n\u2022 Hinge sides are reinforced with 6 security pins. Plastic caps are used for the pin counterparts.<br \/>\n\u2022 Our door accessories can be chosen as first-class brass, satin, or yellow. (Accessories can be diversified according to the door model.)<br \/>\n\u2022 The door leaf is equipped with a glass lens peephole with a 180-degree field of view and a safety latch.<br \/>\n\u2022 Our doors are equipped with 3 ball-bearing lubricated hinges.<br \/>\n\u2022 The packaged net weight of the Elit series door is 90-100 kg. Adhesive seals are used around the leaf.<br \/>\n\u2022 Our doors have a 2-year warranty according to TSE standards, and the materials used are guaranteed for 5-10 years by the manufacturers.<\/p>","protected":false},"excerpt":{"rendered":"<p>\u2022 Kap\u0131 \u00f6l\u00e7\u00fclerimiz; Boy:200 cm En:90 cm Kasa:18-24cm (ayarlanabilir) (\u0130stedi\u011finiz \u00f6l\u00e7\u00fclere g\u00f6re de\u011fi\u015fkenlik g\u00f6sterebilir) \u2022 Kap\u0131 kasalar\u0131 1,5 mm CCR-6112 Ere\u011fli A-1 DKP sac, Lastik conta, kilit kar\u015f\u0131l\u0131k yerleri sac i\u00e7inde g\u00f6mme imal edilecek. \u2022 Kap\u0131 kanatlar\u0131 1,5 mm CCR-6112 Ere\u011fli A-1 DKP sac, kanat i\u00e7i 3 adet yekpare sacile koplep doldurulmu\u015ftur. \u2022 Kanat kenar\u0131 [&hellip;]<\/p>","protected":false},"featured_media":3284,"template":"","meta":[],"product_cat":[44],"product_tag":[],"class_list":["post-3561","product","type-product","status-publish","has-post-thumbnail","hentry","product_cat-classic","wcpa_has_options"],"_links":{"self":[{"href":"https:\/\/uniteddoor.com.tr\/en\/wp-json\/wp\/v2\/product\/3561","targetHints":{"allow":["GET"]}}],"collection":[{"href":"https:\/\/uniteddoor.com.tr\/en\/wp-json\/wp\/v2\/product"}],"about":[{"href":"https:\/\/uniteddoor.com.tr\/en\/wp-json\/wp\/v2\/types\/product"}],"wp:featuredmedia":[{"embeddable":true,"href":"https:\/\/uniteddoor.com.tr\/en\/wp-json\/wp\/v2\/media\/3284"}],"wp:attachment":[{"href":"https:\/\/uniteddoor.com.tr\/en\/wp-json\/wp\/v2\/media?parent=3561"}],"wp:term":[{"taxonomy":"product_cat","embeddable":true,"href":"https:\/\/uniteddoor.com.tr\/en\/wp-json\/wp\/v2\/product_cat?post=3561"},{"taxonomy":"product_tag","embeddable":true,"href":"https:\/\/uniteddoor.com.tr\/en\/wp-json\/wp\/v2\/product_tag?post=3561"}],"curies":[{"name":"wp","href":"https:\/\/api.w.org\/{rel}","templated":true}]}}