{"id":3575,"date":"2023-02-20T18:45:19","date_gmt":"2023-02-20T18:45:19","guid":{"rendered":"https:\/\/uniteddoor.com.tr\/product\/product-50\/"},"modified":"2023-03-11T10:49:20","modified_gmt":"2023-03-11T10:49:20","slug":"product-50","status":"publish","type":"product","link":"https:\/\/uniteddoor.com.tr\/en\/product\/product-50\/","title":{"rendered":"Typhon Steel Door"},"content":{"rendered":"<p>\u2022 Our door dimensions are as follows: Height: 200 cm, Width: 90 cm, Casing: 18-24 cm (adjustable) (Dimensions may vary according to your preference).<br \/>\n\u2022 The door casings are made of 1.5mm CCR-6112 Ere\u011fli A-1 DKP sheet metal, with Se\u00e7il brand rubber gaskets, and the recessed lock counterparts will be embedded in the sheet metal.<br \/>\n\u2022 The door panels are made of 1.5mm CCR-6112 Ere\u011fli A-1 DKP sheet metal and consist of complete sheet metal panels reinforced with 5 pieces of 10 cm strips. The wing edge has a 12 cm box frame, and the rail thickness is 7.5 cm.<br \/>\n\u2022 The door woodwork can be manufactured using first-class rustic walnut wood. (The type of veneer can be optionally diversified, such as Alpi coating, laminate coating, rustic walnut veneer, etc.).<br \/>\n\u2022 The interior of the wing is filled with 5-density rock wool.<br \/>\n\u2022 Our casings and wings are fully painted in a 200-220\u00b0C conveyorized spray and washing line with static paint facility.<br \/>\n\u2022 Our door metal paints are 'POLYESTER PAINT' and come with a 5-year guarantee. The color of the wing will be chosen to match the desired color.<br \/>\n\u2022 Our door locks use the Kale brand monoblock lock system. (Lock systems are optional.)<br \/>\n\u2022 The hinge sides are reinforced with 6 security pins. Chrome plates are used for pin counterparts.<br \/>\n\u2022 Our door accessories are of the highest quality and can be chosen in brass, satin, or gold. (Accessories can be diversified as compatible accessories for the door model.)<br \/>\n\u2022 The door is equipped with a large glass lens peephole with a 180-degree field of view, and a hidden safety latch that will be mounted inside the door.<br \/>\n\u2022 Our doors use three 18 cm-sized, ball-bearing lubricated hinges.<br \/>\n\u2022 Adhesive seals are used around the door leaf.<br \/>\n\u2022 The backside of the door leaf is applied with a smooth design. (Optional backside designs can be applied upon request.)<br \/>\n\u2022 The packaged net weight of our Gold series door ranges from 105-115 kg.<br \/>\n\u2022 Our doors come with a 2-year warranty according to TSE standards, and the materials used are guaranteed by the manufacturing companies for 5-10 years.<br \/>\n\u2022 Our doors are produced in accordance with TSE standards. Our factory holds ISO 9001-2000 certification and Service Competence Certificates.<\/p>","protected":false},"excerpt":{"rendered":"<p>\u2022 Kap\u0131 \u00f6l\u00e7\u00fclerimiz; Boy:200 cm En:90 cm Kasa:18-24cm (ayarlanabilir) (\u0130stedi\u011finiz \u00f6l\u00e7\u00fclere g\u00f6re de\u011fi\u015fkenlik g\u00f6sterebilir) \u2022 Kap\u0131 kasalar\u0131 1,5 mm CCR-6112 Ere\u011fli A-1 DKP sac, Se\u00e7il marka lastik conta, kilit kar\u015f\u0131l\u0131k yerleri sac i\u00e7erisine g\u00f6mme \u015fekilde imal edilecek. \u2022 Kap\u0131 kanatlar\u0131 1,5 mm CCR-6112 Ere\u011fli A-1 DKP sac, kanat i\u00e7i komple sac panel olup 5 adet [&hellip;]<\/p>","protected":false},"featured_media":3239,"template":"","meta":[],"product_cat":[59],"product_tag":[],"class_list":["post-3575","product","type-product","status-publish","has-post-thumbnail","hentry","product_cat-gold-laminate","wcpa_has_options"],"_links":{"self":[{"href":"https:\/\/uniteddoor.com.tr\/en\/wp-json\/wp\/v2\/product\/3575","targetHints":{"allow":["GET"]}}],"collection":[{"href":"https:\/\/uniteddoor.com.tr\/en\/wp-json\/wp\/v2\/product"}],"about":[{"href":"https:\/\/uniteddoor.com.tr\/en\/wp-json\/wp\/v2\/types\/product"}],"wp:featuredmedia":[{"embeddable":true,"href":"https:\/\/uniteddoor.com.tr\/en\/wp-json\/wp\/v2\/media\/3239"}],"wp:attachment":[{"href":"https:\/\/uniteddoor.com.tr\/en\/wp-json\/wp\/v2\/media?parent=3575"}],"wp:term":[{"taxonomy":"product_cat","embeddable":true,"href":"https:\/\/uniteddoor.com.tr\/en\/wp-json\/wp\/v2\/product_cat?post=3575"},{"taxonomy":"product_tag","embeddable":true,"href":"https:\/\/uniteddoor.com.tr\/en\/wp-json\/wp\/v2\/product_tag?post=3575"}],"curies":[{"name":"wp","href":"https:\/\/api.w.org\/{rel}","templated":true}]}}