{"id":3620,"date":"2023-02-20T18:45:38","date_gmt":"2023-02-20T18:45:38","guid":{"rendered":"https:\/\/uniteddoor.com.tr\/product\/product-95\/"},"modified":"2023-03-11T10:49:23","modified_gmt":"2023-03-11T10:49:23","slug":"product-95","status":"publish","type":"product","link":"https:\/\/uniteddoor.com.tr\/en\/product\/product-95\/","title":{"rendered":"Ursa Steel Door"},"content":{"rendered":"<p>\u2022 Our door dimensions are as follows: Height: 200 cm, Width: 90 cm, Frame Depth: 18-24 cm (adjustable) (Dimensions may vary according to your preferences).<br \/>\nThe door frames are made of 1.5 mm CCR-6112 Ere\u011fli A-1 DKP sheet steel, with embedded rubber seals and recessed lock fittings.<br \/>\n\u2022 The door panels are made of 1.5mm CCR-6112 Ere\u011fli A-1 DKP sheet metal and consist of complete sheet metal panels reinforced with 5 pieces of 10cm strips.<br \/>\n\u2022 The door woodwork is manufactured using first-class embossed walnut wood and can be varied with Alpi coating or laminate coating, etc.<br \/>\n\u2022 For casing cladding, HENKEL brand adhesive is used on steel with a 4mm MDF overlay.<br \/>\n\u2022 The moldings are applied as patterned or oval moldings, firmly adhered to the casing.<br \/>\n\u2022 The interior of the wings is filled with 6-density rock wool for thermal and sound insulation.<br \/>\n\u2022 Our frames and wings are painted in a fully automated spray and washing line with static paint facility at 200-220\u00b0C.<br \/>\n\u2022 Our door metal paints are 'POLYESTER STATIC' and come with a 5-year guarantee. The color of the wing will be chosen to match the desired color.<br \/>\n\u2022 Our door locks use the Kale brand monoblock lock system. (Lock systems are optional.)<br \/>\n\u2022 Our door accessories are of first-class quality and can be chosen as brass, satin, or gold. (Accessories can be diversified.)<br \/>\n\u2022 The door wings feature a 180-degree field of view glass lens peephole and a hidden safety latch.<br \/>\n\u2022 Our doors use 2 adjustable, custom-made, lubricatable hinges with 4 axes.<br \/>\n\u2022 The packaged net weight of our Elite series door is 125-135 kg. Adhesive seals are used around the wing.<br \/>\n\u2022 Our doors come with a 2-year guarantee according to TSE standards, and the materials used have a 5-10 year guarantee from the manufacturers.<\/p>","protected":false},"excerpt":{"rendered":"<p>\u2022 Kap\u0131 \u00f6l\u00e7\u00fclerimiz; Boy:200 cm En:90 cm Kasa:18-24cm (ayarlanabilir) (\u0130stedi\u011finiz \u00f6l\u00e7\u00fclere g\u00f6re de\u011fi\u015fkenlik g\u00f6sterebilir) \u2022 Kap\u0131 kasalar\u0131 1,5 mm CCR-6112 Ere\u011fli A-1 DKP sac,Lastik conta, kilit kar\u015f\u0131l\u0131k yerleri sac i\u00e7erisine g\u00f6mme \u015fekildedir. \u2022 Kap\u0131 kanatlar\u0131 1,5 mm CCR-6112 Ere\u011fli A-1 DKP sac, kanat i\u00e7i komple sac panel olup 5 adet 10 cm ku\u015faklarla takviyelidir. \u2022 [&hellip;]<\/p>","protected":false},"featured_media":3203,"template":"","meta":[],"product_cat":[49],"product_tag":[],"class_list":["post-3620","product","type-product","status-publish","has-post-thumbnail","hentry","product_cat-elite-atique","wcpa_has_options"],"_links":{"self":[{"href":"https:\/\/uniteddoor.com.tr\/en\/wp-json\/wp\/v2\/product\/3620","targetHints":{"allow":["GET"]}}],"collection":[{"href":"https:\/\/uniteddoor.com.tr\/en\/wp-json\/wp\/v2\/product"}],"about":[{"href":"https:\/\/uniteddoor.com.tr\/en\/wp-json\/wp\/v2\/types\/product"}],"wp:featuredmedia":[{"embeddable":true,"href":"https:\/\/uniteddoor.com.tr\/en\/wp-json\/wp\/v2\/media\/3203"}],"wp:attachment":[{"href":"https:\/\/uniteddoor.com.tr\/en\/wp-json\/wp\/v2\/media?parent=3620"}],"wp:term":[{"taxonomy":"product_cat","embeddable":true,"href":"https:\/\/uniteddoor.com.tr\/en\/wp-json\/wp\/v2\/product_cat?post=3620"},{"taxonomy":"product_tag","embeddable":true,"href":"https:\/\/uniteddoor.com.tr\/en\/wp-json\/wp\/v2\/product_tag?post=3620"}],"curies":[{"name":"wp","href":"https:\/\/api.w.org\/{rel}","templated":true}]}}