{"id":78,"date":"2022-05-16T06:27:44","date_gmt":"2022-05-16T06:27:44","guid":{"rendered":"https:\/\/uniteddoor.com.tr\/?page_id=78"},"modified":"2022-09-13T09:10:25","modified_gmt":"2022-09-13T09:10:25","slug":"koltuk-takimlari","status":"publish","type":"page","link":"https:\/\/uniteddoor.com.tr\/fr\/koltuk-takimlari\/","title":{"rendered":"Koltuk Tak\u0131mlar\u0131"},"content":{"rendered":"<div data-elementor-type=\"wp-page\" data-elementor-id=\"78\" class=\"elementor elementor-78\">\n\t\t\t\t\t\t\t\t\t<section class=\"elementor-section elementor-top-section elementor-element elementor-element-f544d0e elementor-section-boxed elementor-section-height-default elementor-section-height-default tf-sticky-section tf-sticky-no\" data-id=\"f544d0e\" data-element_type=\"section\" data-settings=\"{&quot;background_background&quot;:&quot;classic&quot;,&quot;tf_sticky&quot;:&quot;no&quot;}\">\n\t\t\t\t\t\t<div class=\"elementor-container elementor-column-gap-no\">\n\t\t\t\t\t<div class=\"elementor-column elementor-col-50 elementor-top-column elementor-element elementor-element-561c72d\" data-id=\"561c72d\" data-element_type=\"column\">\n\t\t\t<div class=\"elementor-widget-wrap elementor-element-populated\">\n\t\t\t\t\t\t\t\t<div class=\"elementor-element elementor-element-d14402e elementor-widget elementor-widget-image\" data-id=\"d14402e\" data-element_type=\"widget\" data-widget_type=\"image.default\">\n\t\t\t\t<div class=\"elementor-widget-container\">\n\t\t\t<style>\/*! elementor - v3.11.1 - 15-02-2023 *\/\n.elementor-widget-image{text-align:center}.elementor-widget-image a{display:inline-block}.elementor-widget-image a img[src$=\".svg\"]{width:48px}.elementor-widget-image img{vertical-align:middle;display:inline-block}<\/style>\t\t\t\t\t\t\t\t\t\t\t\t<img decoding=\"async\" src=\"http:\/\/uniteddoor.com.tr\/wp-content\/uploads\/2022\/07\/5-scaled.jpg\" title=\"\" alt=\"\" loading=\"lazy\" \/>\t\t\t\t\t\t\t\t\t\t\t\t\t\t\t<\/div>\n\t\t\t\t<\/div>\n\t\t\t\t\t<\/div>\n\t\t<\/div>\n\t\t\t\t<div class=\"elementor-column elementor-col-50 elementor-top-column elementor-element elementor-element-9c97263\" data-id=\"9c97263\" data-element_type=\"column\">\n\t\t\t<div class=\"elementor-widget-wrap elementor-element-populated\">\n\t\t\t\t\t\t\t\t<div class=\"elementor-element elementor-element-fb86856 elementor-widget elementor-widget-heading\" data-id=\"fb86856\" data-element_type=\"widget\" data-widget_type=\"heading.default\">\n\t\t\t\t<div class=\"elementor-widget-container\">\n\t\t\t<style>\/*! elementor - v3.11.1 - 15-02-2023 *\/\n.elementor-heading-title{padding:0;margin:0;line-height:1}.elementor-widget-heading .elementor-heading-title[class*=elementor-size-]>a{color:inherit;font-size:inherit;line-height:inherit}.elementor-widget-heading .elementor-heading-title.elementor-size-small{font-size:15px}.elementor-widget-heading .elementor-heading-title.elementor-size-medium{font-size:19px}.elementor-widget-heading .elementor-heading-title.elementor-size-large{font-size:29px}.elementor-widget-heading .elementor-heading-title.elementor-size-xl{font-size:39px}.elementor-widget-heading .elementor-heading-title.elementor-size-xxl{font-size:59px}<\/style><h2 class=\"elementor-heading-title elementor-size-default\">YA\u015eAM ALANLARINDA MAX\u0130MUM KONFOR<\/h2>\t\t<\/div>\n\t\t\t\t<\/div>\n\t\t\t\t\t<\/div>\n\t\t<\/div>\n\t\t\t\t\t\t\t<\/div>\n\t\t<\/section>\n\t\t\t\t<section class=\"elementor-section elementor-top-section elementor-element elementor-element-22e14673 elementor-section-boxed elementor-section-height-default elementor-section-height-default tf-sticky-section tf-sticky-no\" data-id=\"22e14673\" data-element_type=\"section\" data-settings=\"{&quot;tf_sticky&quot;:&quot;no&quot;}\">\n\t\t\t\t\t\t<div class=\"elementor-container elementor-column-gap-no\">\n\t\t\t\t\t<div class=\"elementor-column elementor-col-100 elementor-top-column elementor-element elementor-element-3a5c222f\" data-id=\"3a5c222f\" data-element_type=\"column\">\n\t\t\t<div class=\"elementor-widget-wrap elementor-element-populated\">\n\t\t\t\t\t\t\t\t<div class=\"elementor-element elementor-element-7e53befd elementor-widget elementor-widget-tfwooproductgrid\" data-id=\"7e53befd\" data-element_type=\"widget\" data-widget_type=\"tfwooproductgrid.default\">\n\t\t\t\t<div class=\"elementor-widget-container\">\n\t\t\t<div class=\"no-found\">No product found<\/div>\t\t<\/div>\n\t\t\t\t<\/div>\n\t\t\t\t\t<\/div>\n\t\t<\/div>\n\t\t\t\t\t\t\t<\/div>\n\t\t<\/section>\n\t\t\t\t\t\t\t<\/div>","protected":false},"excerpt":{"rendered":"<p>YA\u015eAM ALANLARINDA MAX\u0130MUM KONFOR Berlin Koltuk Tak\u0131m\u0131 Read more Br\u00fcksel Koltuk Tak\u0131m\u0131 Read more Z\u00fcrih Koltuk Tak\u0131m\u0131 Read more Roma Koltuk Tak\u0131m\u0131 Read more Azelya Koltuk Tak\u0131m\u0131 Read more Antoryum Koltuk Tak\u0131m\u0131 Read more \u00dc\u00e7g\u00fcl Koltuk Tak\u0131m\u0131 Read more Z\u00fcrih Ceviz Koltuk Tak\u0131m\u0131 Read more Azelya Beyaz Koltuk Tak\u0131m\u0131 Read more M\u00fcnih Koltuk Tak\u0131m\u0131 Read [&hellip;]<\/p>","protected":false},"author":1,"featured_media":0,"parent":0,"menu_order":0,"comment_status":"closed","ping_status":"closed","template":"elementor_header_footer","meta":{"footnotes":""},"class_list":["post-78","page","type-page","status-publish","hentry"],"_links":{"self":[{"href":"https:\/\/uniteddoor.com.tr\/fr\/wp-json\/wp\/v2\/pages\/78","targetHints":{"allow":["GET"]}}],"collection":[{"href":"https:\/\/uniteddoor.com.tr\/fr\/wp-json\/wp\/v2\/pages"}],"about":[{"href":"https:\/\/uniteddoor.com.tr\/fr\/wp-json\/wp\/v2\/types\/page"}],"author":[{"embeddable":true,"href":"https:\/\/uniteddoor.com.tr\/fr\/wp-json\/wp\/v2\/users\/1"}],"replies":[{"embeddable":true,"href":"https:\/\/uniteddoor.com.tr\/fr\/wp-json\/wp\/v2\/comments?post=78"}],"version-history":[{"count":0,"href":"https:\/\/uniteddoor.com.tr\/fr\/wp-json\/wp\/v2\/pages\/78\/revisions"}],"wp:attachment":[{"href":"https:\/\/uniteddoor.com.tr\/fr\/wp-json\/wp\/v2\/media?parent=78"}],"curies":[{"name":"wp","href":"https:\/\/api.w.org\/{rel}","templated":true}]}}