{"id":3561,"date":"2023-02-20T18:45:18","date_gmt":"2023-02-20T18:45:18","guid":{"rendered":"https:\/\/uniteddoor.com.tr\/product\/product-36\/"},"modified":"2024-01-26T06:26:58","modified_gmt":"2024-01-26T06:26:58","slug":"product-36","status":"publish","type":"product","link":"https:\/\/uniteddoor.com.tr\/fr\/product\/product-36\/","title":{"rendered":"UD-918"},"content":{"rendered":"<p>\u2022 Nos dimensions de porte sont : Hauteur : 200 cm, Largeur : 90 cm, Cadre : 18-24 cm (ajustable) (Peut varier en fonction de vos mesures souhait\u00e9es).<br \/>\n\u2022 Les cadres de porte sont fabriqu\u00e9s en t\u00f4le CCR-6112 Ere\u011fli A-1 DKP de 1,5 mm, avec des joints en caoutchouc de marque Se\u00e7il, et les contreparties de verrouillage sont int\u00e9gr\u00e9es dans la t\u00f4le.<br \/>\n\u2022 Les battants de porte sont en t\u00f4le CCR-6112 Ere\u011fli A-1 DKP de 1,5 mm, avec un panneau int\u00e9rieur en t\u00f4le m\u00e9tallique complet renforc\u00e9 par 5 bandes de 10 cm. Le bord du battant a un cadre en bo\u00eete de 12 cm et l'\u00e9paisseur de la traverse est de 7,5 cm.<br \/>\n\u2022 Le cadre de la bo\u00eete avec un bord d'aile de 12 cm a une \u00e9paisseur de poutre de 7 cm.<br \/>\n\u2022 Les panneaux de porte peuvent \u00eatre fabriqu\u00e9s en bois de noyer rustique de premi\u00e8re classe.<br \/>\n\u2022 Nos cadres et nos ailes sont peints dans une installation de peinture automatis\u00e9e \u00e0 pistolet et syst\u00e8me de lavage avec peinture statique \u00e0 une temp\u00e9rature de 200-220\u00b0C.<br \/>\n\u2022 Nos peintures m\u00e9talliques pour portes sont de type 'POLYESTER STATIQUE' et b\u00e9n\u00e9ficient d'une garantie de 5 ans, et le choix de la couleur sera fait en fonction de la couleur de l'aile.<br \/>\n\u2022 Nos serrures de porte utilisent le syst\u00e8me de verrouillage monobloc de la marque Kale. (Les syst\u00e8mes de verrouillage sont facultatifs.)<br \/>\n\u2022 Les c\u00f4t\u00e9s des charni\u00e8res sont renforc\u00e9s avec 6 goupilles de s\u00e9curit\u00e9. Des capuchons en plastique sont utilis\u00e9s pour les contreparties des goupilles.<br \/>\n\u2022 Nos accessoires de porte peuvent \u00eatre choisis en laiton de premi\u00e8re classe, en satin ou en jaune. (Les accessoires peuvent \u00eatre diversifi\u00e9s en fonction du mod\u00e8le de porte.)<br \/>\n\u2022 Le vantail de la porte est \u00e9quip\u00e9 d'un judas \u00e0 lentille en verre offrant un champ de vision de 180 degr\u00e9s et d'un loquet de s\u00e9curit\u00e9.<br \/>\n\u2022 Nos portes sont \u00e9quip\u00e9es de 3 charni\u00e8res lubrifi\u00e9es \u00e0 billes.<br \/>\n\u2022 Le poids net emball\u00e9 de la porte de la s\u00e9rie Elit est de 90-100 kg. Des joints adh\u00e9sifs sont utilis\u00e9s autour du vantail.<br \/>\n\u2022 Nos portes sont garanties 2 ans selon les normes TSE, et les mat\u00e9riaux utilis\u00e9s sont garantis de 5 \u00e0 10 ans par les fabricants.<\/p>","protected":false},"excerpt":{"rendered":"<p>\u2022 Kap\u0131 \u00f6l\u00e7\u00fclerimiz; Boy:200 cm En:90 cm Kasa:18-24cm (ayarlanabilir) (\u0130stedi\u011finiz \u00f6l\u00e7\u00fclere g\u00f6re de\u011fi\u015fkenlik g\u00f6sterebilir) \u2022 Kap\u0131 kasalar\u0131 1,5 mm CCR-6112 Ere\u011fli A-1 DKP sac, Lastik conta, kilit kar\u015f\u0131l\u0131k yerleri sac i\u00e7inde g\u00f6mme imal edilecek. \u2022 Kap\u0131 kanatlar\u0131 1,5 mm CCR-6112 Ere\u011fli A-1 DKP sac, kanat i\u00e7i 3 adet yekpare sacile koplep doldurulmu\u015ftur. \u2022 Kanat kenar\u0131 [&hellip;]<\/p>","protected":false},"featured_media":3284,"template":"","meta":[],"product_cat":[44],"product_tag":[],"class_list":["post-3561","product","type-product","status-publish","has-post-thumbnail","hentry","product_cat-classic","wcpa_has_options"],"_links":{"self":[{"href":"https:\/\/uniteddoor.com.tr\/fr\/wp-json\/wp\/v2\/product\/3561","targetHints":{"allow":["GET"]}}],"collection":[{"href":"https:\/\/uniteddoor.com.tr\/fr\/wp-json\/wp\/v2\/product"}],"about":[{"href":"https:\/\/uniteddoor.com.tr\/fr\/wp-json\/wp\/v2\/types\/product"}],"wp:featuredmedia":[{"embeddable":true,"href":"https:\/\/uniteddoor.com.tr\/fr\/wp-json\/wp\/v2\/media\/3284"}],"wp:attachment":[{"href":"https:\/\/uniteddoor.com.tr\/fr\/wp-json\/wp\/v2\/media?parent=3561"}],"wp:term":[{"taxonomy":"product_cat","embeddable":true,"href":"https:\/\/uniteddoor.com.tr\/fr\/wp-json\/wp\/v2\/product_cat?post=3561"},{"taxonomy":"product_tag","embeddable":true,"href":"https:\/\/uniteddoor.com.tr\/fr\/wp-json\/wp\/v2\/product_tag?post=3561"}],"curies":[{"name":"wp","href":"https:\/\/api.w.org\/{rel}","templated":true}]}}