{"id":3584,"date":"2023-02-20T18:45:20","date_gmt":"2023-02-20T18:45:20","guid":{"rendered":"https:\/\/uniteddoor.com.tr\/product\/product-59\/"},"modified":"2023-03-11T10:49:21","modified_gmt":"2023-03-11T10:49:21","slug":"product-59","status":"publish","type":"product","link":"https:\/\/uniteddoor.com.tr\/fr\/product\/product-59\/","title":{"rendered":"Circe Steel Door"},"content":{"rendered":"<p>\u2022 Nos dimensions de porte sont : Hauteur : 200 cm, Largeur : 90 cm, Cadre : 18-24 cm (ajustable) (Peut varier en fonction de vos mesures souhait\u00e9es).<br \/>\n\u2022 Les cadres de porte sont fabriqu\u00e9s en t\u00f4le CCR-6112 Ere\u011fli A-1 DKP de 1,5 mm, avec des joints en caoutchouc de marque Se\u00e7il, et les contreparties de verrouillage sont int\u00e9gr\u00e9es dans la t\u00f4le.<br \/>\n\u2022 Les battants de porte sont en t\u00f4le DKP A-1 CCR-6112 Ere\u011fli de 1,5 mm d'\u00e9paisseur, avec une structure de panneau enti\u00e8rement en t\u00f4le renforc\u00e9e par 5 bandes de renfort de 10 cm.<br \/>\n\u2022 Les panneaux de porte sont fabriqu\u00e9s en bois de noyer sculpt\u00e9 de premi\u00e8re qualit\u00e9, avec une finition en placage stratifi\u00e9 Alpi, etc. (diverses options possibles).<br \/>\n\u2022 Les rev\u00eatements de caisse sont coll\u00e9s sur de l'acier avec une \u00e9paisseur de MDF de 4 mm, en utilisant de la colle de la marque HENKEL.<br \/>\n\u2022 Les chambranles sont appliqu\u00e9s en tant que chambranles mod\u00e8les ou chambranles ovales, fix\u00e9s en place sur la caisse.<br \/>\n\u2022 L'int\u00e9rieur des battants est rempli de laine de roche d'une densit\u00e9 de 6 densit\u00e9s pour l'isolation thermique et acoustique.<br \/>\n\u2022 Nos cadres et nos ailes sont peints dans une installation de peinture automatis\u00e9e \u00e0 pistolet et syst\u00e8me de lavage avec peinture statique \u00e0 une temp\u00e9rature de 200-220\u00b0C.<br \/>\n\u2022 Nos peintures m\u00e9talliques de porte sont du type \"POLYESTER STATIQUE\" avec une garantie de 5 ans. La couleur du battant sera choisie pour correspondre \u00e0 la couleur souhait\u00e9e.<br \/>\n\u2022 Nos serrures de porte utilisent le syst\u00e8me de verrouillage monobloc de la marque Kale. (Les syst\u00e8mes de verrouillage sont facultatifs.)<br \/>\n\u2022 Nos accessoires de porte sont de premi\u00e8re qualit\u00e9 et peuvent \u00eatre en laiton, satin\u00e9s ou dor\u00e9s. (Les accessoires peuvent \u00eatre personnalis\u00e9s.)<br \/>\n\u2022 Le battant de porte est \u00e9quip\u00e9 d'un judas \u00e0 lentille en verre offrant un champ de vision \u00e0 180 degr\u00e9s et d'un verrou de s\u00e9curit\u00e9 invisible.<br \/>\n\u2022 Nos portes sont \u00e9quip\u00e9es de deux charni\u00e8res ajustables sp\u00e9ciales \u00e0 4 axes pouvant \u00eatre lubrifi\u00e9es.<br \/>\n\u2022 Le poids net emball\u00e9 de notre s\u00e9rie Elite de porte est de 125 \u00e0 135 kg, avec un joint adh\u00e9sif utilis\u00e9 autour du battant.<br \/>\n\u2022 Nos portes sont garanties conformes aux normes TSE pendant 2 ans, et les mat\u00e9riaux utilis\u00e9s b\u00e9n\u00e9ficient d'une garantie de 5 \u00e0 10 ans aupr\u00e8s des fabricants.<\/p>","protected":false},"excerpt":{"rendered":"<p>\u2022 Kap\u0131 \u00f6l\u00e7\u00fclerimiz; Boy:200 cm En:90 cm Kasa:18-24cm (ayarlanabilir) (\u0130stedi\u011finiz \u00f6l\u00e7\u00fclere g\u00f6re de\u011fi\u015fkenlik g\u00f6sterebilir) \u2022 Kap\u0131 kasalar\u0131 1,5 mm CCR-6112 Ere\u011fli A-1 DKP sac,Lastik conta, kilit kar\u015f\u0131l\u0131k yerleri sac i\u00e7erisine g\u00f6mme \u015fekildedir. \u2022 Kap\u0131 kanatlar\u0131 1,5 mm CCR-6112 Ere\u011fli A-1 DKP sac, kanat i\u00e7i komple sac panel olup 5 adet 10 cm ku\u015faklarla takviyelidir. \u2022 [&hellip;]<\/p>","protected":false},"featured_media":3240,"template":"","meta":[],"product_cat":[52],"product_tag":[],"class_list":["post-3584","product","type-product","status-publish","has-post-thumbnail","hentry","product_cat-elite-laminate","wcpa_has_options"],"_links":{"self":[{"href":"https:\/\/uniteddoor.com.tr\/fr\/wp-json\/wp\/v2\/product\/3584","targetHints":{"allow":["GET"]}}],"collection":[{"href":"https:\/\/uniteddoor.com.tr\/fr\/wp-json\/wp\/v2\/product"}],"about":[{"href":"https:\/\/uniteddoor.com.tr\/fr\/wp-json\/wp\/v2\/types\/product"}],"wp:featuredmedia":[{"embeddable":true,"href":"https:\/\/uniteddoor.com.tr\/fr\/wp-json\/wp\/v2\/media\/3240"}],"wp:attachment":[{"href":"https:\/\/uniteddoor.com.tr\/fr\/wp-json\/wp\/v2\/media?parent=3584"}],"wp:term":[{"taxonomy":"product_cat","embeddable":true,"href":"https:\/\/uniteddoor.com.tr\/fr\/wp-json\/wp\/v2\/product_cat?post=3584"},{"taxonomy":"product_tag","embeddable":true,"href":"https:\/\/uniteddoor.com.tr\/fr\/wp-json\/wp\/v2\/product_tag?post=3584"}],"curies":[{"name":"wp","href":"https:\/\/api.w.org\/{rel}","templated":true}]}}