{"id":3604,"date":"2023-02-20T18:45:37","date_gmt":"2023-02-20T18:45:37","guid":{"rendered":"https:\/\/uniteddoor.com.tr\/product\/product-79\/"},"modified":"2023-03-11T10:49:22","modified_gmt":"2023-03-11T10:49:22","slug":"product-79","status":"publish","type":"product","link":"https:\/\/uniteddoor.com.tr\/fr\/product\/product-79\/","title":{"rendered":"Narcissus Steel Door"},"content":{"rendered":"<p>\u2022 Les dimensions de notre porte sont les suivantes : Hauteur : 200 cm, Largeur : 90 cm, Caisse : 18-24 cm (ajustable) (Peut varier selon vos pr\u00e9f\u00e9rences).<br \/>\n\u2022 Les caissons de porte sont en t\u00f4le CCR-6112 Ere\u011fli A-1 DKP d'une \u00e9paisseur de 1,5 mm, avec des joints en caoutchouc de marque Se\u00e7il et les contreparties de serrure encastr\u00e9es seront int\u00e9gr\u00e9es dans la t\u00f4le.<br \/>\n\u2022 Les panneaux de porte sont en t\u00f4le de 1,5 mm CCR-6112 Ere\u011fli A-1 DKP et sont renforc\u00e9s avec 5 bandes de 10 cm. Le bord de l'aile a un cadre de bo\u00eete de 12 cm et l'\u00e9paisseur du montant est de 7,5 cm.<br \/>\n\u2022 Les parties en bois de la porte peuvent \u00eatre fabriqu\u00e9es en bois de noyer rustique de premi\u00e8re qualit\u00e9. (Le type de placage peut \u00eatre diversifi\u00e9 en fonction de vos pr\u00e9f\u00e9rences, comme le placage Alpi, le placage stratifi\u00e9, le placage de noyer rustique, etc.).<br \/>\n\u2022 L'int\u00e9rieur de l'aile est rempli de laine de roche d'une densit\u00e9 de 5.<br \/>\n\u2022 Nos caisses et nos ailes sont enti\u00e8rement peintes dans une installation de peinture statique avec une ligne de pulv\u00e9risation et de lavage automatis\u00e9e \u00e0 une temp\u00e9rature de 200-220 \u00b0C.<br \/>\n\u2022 Nos peintures m\u00e9talliques de porte sont du 'POLYESTER BOYAp' et b\u00e9n\u00e9ficient d'une garantie de 5 ans. La couleur de l'aile sera choisie pour correspondre \u00e0 la couleur souhait\u00e9e.<br \/>\n\u2022 Nos serrures de porte utilisent le syst\u00e8me de serrure monobloc de la marque Kale. (Les syst\u00e8mes de serrure sont optionnels).<br \/>\n\u2022 Les c\u00f4t\u00e9s des charni\u00e8res sont renforc\u00e9s avec 6 goupilles de s\u00e9curit\u00e9. Des plaques chrom\u00e9es sont utilis\u00e9es pour les contreparties des goupilles.<br \/>\n\u2022 Nos accessoires de porte sont de premi\u00e8re classe et peuvent \u00eatre choisis en laiton, satin ou dor\u00e9. (Les accessoires peuvent \u00eatre vari\u00e9s en fonction du mod\u00e8le de porte.)<br \/>\n\u2022 La porte est \u00e9quip\u00e9e d'un grand judas avec une lentille en verre offrant un champ de vision de 180 degr\u00e9s, ainsi qu'une serrure de s\u00e9curit\u00e9 dissimul\u00e9e \u00e0 l'int\u00e9rieur de la porte.<br \/>\n\u2022 Nos portes sont \u00e9quip\u00e9es de trois charni\u00e8res \u00e0 billes de 18 cm, lubrifiables.<br \/>\n\u2022 Un joint adh\u00e9sif est utilis\u00e9 autour du vantail de la porte.<br \/>\n\u2022 Le mod\u00e8le lisse est appliqu\u00e9 \u00e0 l'arri\u00e8re du vantail de la porte. (Un mod\u00e8le d'arri\u00e8re diff\u00e9rent peut \u00eatre appliqu\u00e9 sur demande.)<br \/>\n\u2022 Le poids net emball\u00e9 de la s\u00e9rie Gold de la porte est de 105 \u00e0 115 kg.<br \/>\n\u2022 Nos portes sont garanties 2 ans selon les normes TSE, et les mat\u00e9riaux utilis\u00e9s sont garantis par les fabricants pendant 5 \u00e0 10 ans.<br \/>\n\u2022 Nos portes sont fabriqu\u00e9es selon les normes TSE. Notre usine est certifi\u00e9e ISO 9001-2000 et dispose de certificats de comp\u00e9tence de service.<\/p>","protected":false},"excerpt":{"rendered":"<p>\u2022 Kap\u0131 \u00f6l\u00e7\u00fclerimiz; Boy:200 cm En:90 cm Kasa:18-24cm (ayarlanabilir) (\u0130stedi\u011finiz \u00f6l\u00e7\u00fclere g\u00f6re de\u011fi\u015fkenlik g\u00f6sterebilir) \u2022 Kap\u0131 kasalar\u0131 1,5 mm CCR-6112 Ere\u011fli A-1 DKP sac, Se\u00e7il marka lastik conta, kilit kar\u015f\u0131l\u0131k yerleri sac i\u00e7erisine g\u00f6mme \u015fekilde imal edilecek. \u2022 Kap\u0131 kanatlar\u0131 1,5 mm CCR-6112 Ere\u011fli A-1 DKP sac, kanat i\u00e7i komple sac panel olup 5 adet [&hellip;]<\/p>","protected":false},"featured_media":3271,"template":"","meta":[],"product_cat":[61],"product_tag":[],"class_list":["post-3604","product","type-product","status-publish","has-post-thumbnail","hentry","product_cat-gold-rustic","wcpa_has_options"],"_links":{"self":[{"href":"https:\/\/uniteddoor.com.tr\/fr\/wp-json\/wp\/v2\/product\/3604","targetHints":{"allow":["GET"]}}],"collection":[{"href":"https:\/\/uniteddoor.com.tr\/fr\/wp-json\/wp\/v2\/product"}],"about":[{"href":"https:\/\/uniteddoor.com.tr\/fr\/wp-json\/wp\/v2\/types\/product"}],"wp:featuredmedia":[{"embeddable":true,"href":"https:\/\/uniteddoor.com.tr\/fr\/wp-json\/wp\/v2\/media\/3271"}],"wp:attachment":[{"href":"https:\/\/uniteddoor.com.tr\/fr\/wp-json\/wp\/v2\/media?parent=3604"}],"wp:term":[{"taxonomy":"product_cat","embeddable":true,"href":"https:\/\/uniteddoor.com.tr\/fr\/wp-json\/wp\/v2\/product_cat?post=3604"},{"taxonomy":"product_tag","embeddable":true,"href":"https:\/\/uniteddoor.com.tr\/fr\/wp-json\/wp\/v2\/product_tag?post=3604"}],"curies":[{"name":"wp","href":"https:\/\/api.w.org\/{rel}","templated":true}]}}