{"id":3943,"date":"2023-03-11T10:50:35","date_gmt":"2023-03-11T10:50:35","guid":{"rendered":"https:\/\/uniteddoor.com.tr\/product\/maa-kali-door\/"},"modified":"2024-01-27T09:51:18","modified_gmt":"2024-01-27T09:51:18","slug":"md-802","status":"publish","type":"product","link":"https:\/\/uniteddoor.com.tr\/fr\/product\/md-802\/","title":{"rendered":"MD-802"},"content":{"rendered":"<p>\u2022 Kap\u0131 \u00f6l\u00e7\u00fclerimiz; Boy:200 cm En:90 cm Kasa:18-24cm (ayarlanabilir) (\u0130stedi\u011finiz \u00f6l\u00e7\u00fclere g\u00f6re de\u011fi\u015fkenlik g\u00f6sterebilir)<br \/>\n\u2022 Kap\u0131 kasalar\u0131 1,5 mm CCR-6112 Ere\u011fli A-1 DKP sac, Se\u00e7il marka lastik conta, kilit kar\u015f\u0131l\u0131k yerleri sac i\u00e7erisine g\u00f6mme \u015fekilde imal edilecek.<br \/>\n\u2022 Kap\u0131 kanatlar\u0131 1,5 mm CCR-6112 Ere\u011fli A-1 DKP sac, kanat i\u00e7i komple sac panel olup 5 adet 10 cm ku\u015faklarla takviyelidir. Kanat kenar\u0131 12 cm&#8217;lik kutu \u00e7er\u00e7eve, seren kal\u0131nl\u0131\u011f\u0131 7,5 cm&#8217;dir.<br \/>\n\u2022 Kap\u0131 ah\u015faplar\u0131 1.s\u0131n\u0131f ceviz rustikli ah\u015fap olarak imal edilebilir. (Kaplama cinsi iste\u011fe ba\u011fl\u0131 Alpi kaplama laminant kaplama , ceviz r\u00fcstik kaplama vs \u00e7e\u015fitlendirilebilir.)<br \/>\n\u2022 Kanat i\u00e7i 5 danste kal\u0131nl\u0131\u011f\u0131nda ta\u015f y\u00fcn\u00fc ile doludur.<br \/>\n\u2022 Kasa ve kanatlar\u0131m\u0131z komple 200-220 C konveryli sprey ve y\u0131kama hatl\u0131 statik boya tesisinde boyanmaktad\u0131r.<br \/>\n\u2022 Kap\u0131 metal boyalar\u0131m\u0131z &#8216;POLYESTER BOYA&#8217; olup 5 y\u0131l garantilidir. Kanat rengine uygun renk tercih edilecektir<br \/>\n\u2022 Kap\u0131 kilitlerimiz Kale marka monoblok kilit sistemi kullan\u0131lmaktad\u0131r. ( Kilit sistemlerimiz opsiyoneldir.)<br \/>\n\u2022 Mente\u015fe taraflar\u0131 6 adet g\u00fcvenlik pimleri ile g\u00fc\u00e7lendirilmi\u015ftir. Pim kar\u015f\u0131l\u0131klar\u0131nda krom tas kullan\u0131l\u0131r.<br \/>\n\u2022 Kap\u0131 aksesuarlar\u0131m\u0131z 1.s\u0131n\u0131f olup pirin\u00e7, saten veya sar\u0131 olarak tercih edilebilir. (Aksesuarlar kap\u0131 modeline uygun aksesuar olarak \u00e7e\u015fitlendirilebilir.)<br \/>\n\u2022 Kap\u0131 kanad\u0131nda 180 derece g\u00f6r\u00fc\u015f sahas\u0131na sahip b\u00fcy\u00fck cam mercekli d\u00fcrb\u00fcn, kap\u0131 i\u00e7erisine monta edilecek gizli emniyet kelep\u00e7esi mevcuttur.<br \/>\n\u2022 Kap\u0131lar\u0131m\u0131zda 3 adet 18 cm b\u00fcy\u00fckl\u00fc\u011f\u00fcnde, Bilyal\u0131 ya\u011flanabilir mente\u015fe kullan\u0131lmaktad\u0131r.<br \/>\n\u2022 Kap\u0131 kanat etraf\u0131nda yap\u0131\u015ft\u0131rma fitil kullan\u0131lmaktad\u0131r.<br \/>\n\u2022 Kap\u0131 kanad\u0131 arkas\u0131nda model d\u00fcz uygulanmaktad\u0131r. ( istege bagl\u0131 kap\u0131 arkas\u0131 model uygulanabilir)<br \/>\n\u2022 Gold seri kap\u0131n\u0131n paketlenmi\u015f net a\u011f\u0131rl\u0131\u011f\u0131 105-115 kg\u2019d\u0131r.<br \/>\n\u2022 Kap\u0131lar\u0131m\u0131z TSE standarlar\u0131nda 2 y\u0131l garantili olup, Kullan\u0131lan malzemeler \u00fcretici firmalar nezlinde 5-10 y\u0131l garantilidir.<br \/>\n\u2022 Kap\u0131lar\u0131m\u0131z TSE standartlar\u0131nda \u00fcretilmektedir.Fabrikam\u0131z ISO 9001-2000 Belgesi, Hizmet Yeterlilik Belgelerine sahiptir.<\/p>","protected":false},"excerpt":{"rendered":"<p>\u2022 Kap\u0131 \u00f6l\u00e7\u00fclerimiz; Boy:200 cm En:90 cm Kasa:18-24cm (ayarlanabilir) (\u0130stedi\u011finiz \u00f6l\u00e7\u00fclere g\u00f6re de\u011fi\u015fkenlik g\u00f6sterebilir) \u2022 Kap\u0131 kasalar\u0131 1,5 mm CCR-6112 Ere\u011fli A-1 DKP sac, Se\u00e7il marka lastik conta, kilit kar\u015f\u0131l\u0131k yerleri sac i\u00e7erisine g\u00f6mme \u015fekilde imal edilecek. \u2022 Kap\u0131 kanatlar\u0131 1,5 mm CCR-6112 Ere\u011fli A-1 DKP sac, kanat i\u00e7i komple sac panel olup 5 adet [&hellip;]<\/p>","protected":false},"featured_media":3873,"template":"","meta":[],"product_cat":[66],"product_tag":[],"class_list":["post-3943","product","type-product","status-publish","has-post-thumbnail","hentry","product_cat-interior-door","wcpa_has_options"],"_links":{"self":[{"href":"https:\/\/uniteddoor.com.tr\/fr\/wp-json\/wp\/v2\/product\/3943","targetHints":{"allow":["GET"]}}],"collection":[{"href":"https:\/\/uniteddoor.com.tr\/fr\/wp-json\/wp\/v2\/product"}],"about":[{"href":"https:\/\/uniteddoor.com.tr\/fr\/wp-json\/wp\/v2\/types\/product"}],"wp:featuredmedia":[{"embeddable":true,"href":"https:\/\/uniteddoor.com.tr\/fr\/wp-json\/wp\/v2\/media\/3873"}],"wp:attachment":[{"href":"https:\/\/uniteddoor.com.tr\/fr\/wp-json\/wp\/v2\/media?parent=3943"}],"wp:term":[{"taxonomy":"product_cat","embeddable":true,"href":"https:\/\/uniteddoor.com.tr\/fr\/wp-json\/wp\/v2\/product_cat?post=3943"},{"taxonomy":"product_tag","embeddable":true,"href":"https:\/\/uniteddoor.com.tr\/fr\/wp-json\/wp\/v2\/product_tag?post=3943"}],"curies":[{"name":"wp","href":"https:\/\/api.w.org\/{rel}","templated":true}]}}